{"id":1032,"date":"2024-04-02T14:25:26","date_gmt":"2024-04-02T13:25:26","guid":{"rendered":"http:\/\/judospartapraha.dev-null.cz\/?page_id=1032"},"modified":"2024-04-02T14:25:27","modified_gmt":"2024-04-02T13:25:27","slug":"tabor-malych-samuraju-2023","status":"publish","type":"page","link":"http:\/\/judospartapraha.dev-null.cz\/?page_id=1032","title":{"rendered":"T\u00e1bor mal\u00fdch samuraj\u016f 2023"},"content":{"rendered":"\r\n<div class=\"ngg-galleryoverview\" id=\"ngg-gallery-35-1032\">\r\n\r\n\t<!-- Slideshow link -->\r\n\t<div class=\"slideshowlink\">\r\n\t\t<a class=\"slideshowlink\" href=\"http:\/\/judospartapraha.dev-null.cz\/?page_id=1032&amp;show=slide\">\r\n\t\t\t[Slideshow]\t\t<\/a>\r\n\t<\/div>\r\n\r\n\t\r\n\t<!-- Thumbnails -->\r\n\t\t\r\n\t<div id=\"ngg-image-4063\" class=\"ngg-gallery-thumbnail-box\"  >\r\n\t\t<div class=\"ngg-gallery-thumbnail\" >\r\n\t\t\t<a href=\"http:\/\/judospartapraha.dev-null.cz\/?page_id=1032&amp;pid=4063\" title=\" \"  >\r\n\t\t\t\t\t\t\t\t<img loading=\"lazy\" decoding=\"async\" title=\"OLYMPUS DIGITAL CAMERA\" alt=\"OLYMPUS DIGITAL CAMERA\" src=\"http:\/\/judospartapraha.dev-null.cz\/wp-content\/gallery\/tabor-2023\/thumbs\/thumbs_small_p1010918.jpg\" width=\"100\" height=\"75\" \/>\r\n\t\t\t\t\t\t\t<\/a>\r\n\t\t<\/div>\r\n\t<\/div>\r\n\t\r\n\t\t\r\n \t\t\r\n\t<div id=\"ngg-image-4062\" class=\"ngg-gallery-thumbnail-box\"  >\r\n\t\t<div class=\"ngg-gallery-thumbnail\" >\r\n\t\t\t<a href=\"http:\/\/judospartapraha.dev-null.cz\/?page_id=1032&amp;pid=4062\" title=\" \"  >\r\n\t\t\t\t\t\t\t\t<img loading=\"lazy\" decoding=\"async\" title=\"OLYMPUS DIGITAL CAMERA\" alt=\"OLYMPUS DIGITAL CAMERA\" src=\"http:\/\/judospartapraha.dev-null.cz\/wp-content\/gallery\/tabor-2023\/thumbs\/thumbs_small_p1010891.jpg\" width=\"100\" height=\"75\" \/>\r\n\t\t\t\t\t\t\t<\/a>\r\n\t\t<\/div>\r\n\t<\/div>\r\n\t\r\n\t\t\r\n \t\t\r\n\t<div id=\"ngg-image-4064\" class=\"ngg-gallery-thumbnail-box\"  >\r\n\t\t<div class=\"ngg-gallery-thumbnail\" >\r\n\t\t\t<a href=\"http:\/\/judospartapraha.dev-null.cz\/?page_id=1032&amp;pid=4064\" title=\" \"  >\r\n\t\t\t\t\t\t\t\t<img loading=\"lazy\" decoding=\"async\" title=\"OLYMPUS DIGITAL CAMERA\" alt=\"OLYMPUS DIGITAL CAMERA\" src=\"http:\/\/judospartapraha.dev-null.cz\/wp-content\/gallery\/tabor-2023\/thumbs\/thumbs_small_p1010924.jpg\" width=\"100\" height=\"75\" \/>\r\n\t\t\t\t\t\t\t<\/a>\r\n\t\t<\/div>\r\n\t<\/div>\r\n\t\r\n\t\t\r\n \t\t\r\n\t<div id=\"ngg-image-4065\" class=\"ngg-gallery-thumbnail-box\"  >\r\n\t\t<div class=\"ngg-gallery-thumbnail\" >\r\n\t\t\t<a href=\"http:\/\/judospartapraha.dev-null.cz\/?page_id=1032&amp;pid=4065\" title=\" \"  >\r\n\t\t\t\t\t\t\t\t<img loading=\"lazy\" decoding=\"async\" title=\"OLYMPUS DIGITAL CAMERA\" alt=\"OLYMPUS DIGITAL CAMERA\" src=\"http:\/\/judospartapraha.dev-null.cz\/wp-content\/gallery\/tabor-2023\/thumbs\/thumbs_small_p1010926.jpg\" width=\"100\" height=\"75\" \/>\r\n\t\t\t\t\t\t\t<\/a>\r\n\t\t<\/div>\r\n\t<\/div>\r\n\t\r\n\t\t\r\n \t\t\r\n\t<div id=\"ngg-image-4066\" class=\"ngg-gallery-thumbnail-box\"  >\r\n\t\t<div class=\"ngg-gallery-thumbnail\" >\r\n\t\t\t<a href=\"http:\/\/judospartapraha.dev-null.cz\/?page_id=1032&amp;pid=4066\" title=\" \"  >\r\n\t\t\t\t\t\t\t\t<img loading=\"lazy\" decoding=\"async\" title=\"OLYMPUS DIGITAL CAMERA\" alt=\"OLYMPUS DIGITAL CAMERA\" src=\"http:\/\/judospartapraha.dev-null.cz\/wp-content\/gallery\/tabor-2023\/thumbs\/thumbs_small_p1010959.jpg\" width=\"100\" height=\"75\" \/>\r\n\t\t\t\t\t\t\t<\/a>\r\n\t\t<\/div>\r\n\t<\/div>\r\n\t\r\n\t\t\r\n \t\t\r\n\t<div id=\"ngg-image-4067\" class=\"ngg-gallery-thumbnail-box\"  >\r\n\t\t<div class=\"ngg-gallery-thumbnail\" >\r\n\t\t\t<a href=\"http:\/\/judospartapraha.dev-null.cz\/?page_id=1032&amp;pid=4067\" title=\" \"  >\r\n\t\t\t\t\t\t\t\t<img loading=\"lazy\" decoding=\"async\" title=\"OLYMPUS DIGITAL CAMERA\" alt=\"OLYMPUS DIGITAL CAMERA\" src=\"http:\/\/judospartapraha.dev-null.cz\/wp-content\/gallery\/tabor-2023\/thumbs\/thumbs_small_p7030018.jpg\" width=\"100\" height=\"75\" \/>\r\n\t\t\t\t\t\t\t<\/a>\r\n\t\t<\/div>\r\n\t<\/div>\r\n\t\r\n\t\t\r\n \t\t\r\n\t<div id=\"ngg-image-4068\" class=\"ngg-gallery-thumbnail-box\"  >\r\n\t\t<div class=\"ngg-gallery-thumbnail\" >\r\n\t\t\t<a href=\"http:\/\/judospartapraha.dev-null.cz\/?page_id=1032&amp;pid=4068\" title=\" \"  >\r\n\t\t\t\t\t\t\t\t<img loading=\"lazy\" decoding=\"async\" title=\"OLYMPUS DIGITAL CAMERA\" alt=\"OLYMPUS DIGITAL CAMERA\" src=\"http:\/\/judospartapraha.dev-null.cz\/wp-content\/gallery\/tabor-2023\/thumbs\/thumbs_small_p7030020.jpg\" width=\"100\" height=\"75\" \/>\r\n\t\t\t\t\t\t\t<\/a>\r\n\t\t<\/div>\r\n\t<\/div>\r\n\t\r\n\t\t\r\n \t\t\r\n\t<div id=\"ngg-image-4069\" class=\"ngg-gallery-thumbnail-box\"  >\r\n\t\t<div class=\"ngg-gallery-thumbnail\" >\r\n\t\t\t<a href=\"http:\/\/judospartapraha.dev-null.cz\/?page_id=1032&amp;pid=4069\" title=\" \"  >\r\n\t\t\t\t\t\t\t\t<img loading=\"lazy\" decoding=\"async\" title=\"OLYMPUS DIGITAL CAMERA\" alt=\"OLYMPUS DIGITAL CAMERA\" src=\"http:\/\/judospartapraha.dev-null.cz\/wp-content\/gallery\/tabor-2023\/thumbs\/thumbs_small_p7050023.jpg\" width=\"100\" height=\"75\" \/>\r\n\t\t\t\t\t\t\t<\/a>\r\n\t\t<\/div>\r\n\t<\/div>\r\n\t\r\n\t\t\r\n \t\t\r\n\t<div id=\"ngg-image-4070\" class=\"ngg-gallery-thumbnail-box\"  >\r\n\t\t<div class=\"ngg-gallery-thumbnail\" >\r\n\t\t\t<a href=\"http:\/\/judospartapraha.dev-null.cz\/?page_id=1032&amp;pid=4070\" title=\" \"  >\r\n\t\t\t\t\t\t\t\t<img loading=\"lazy\" decoding=\"async\" title=\"OLYMPUS DIGITAL CAMERA\" alt=\"OLYMPUS DIGITAL CAMERA\" src=\"http:\/\/judospartapraha.dev-null.cz\/wp-content\/gallery\/tabor-2023\/thumbs\/thumbs_small_p7070137.jpg\" width=\"100\" height=\"75\" \/>\r\n\t\t\t\t\t\t\t<\/a>\r\n\t\t<\/div>\r\n\t<\/div>\r\n\t\r\n\t\t\r\n \t\t\r\n\t<div id=\"ngg-image-4071\" class=\"ngg-gallery-thumbnail-box\"  >\r\n\t\t<div class=\"ngg-gallery-thumbnail\" >\r\n\t\t\t<a href=\"http:\/\/judospartapraha.dev-null.cz\/?page_id=1032&amp;pid=4071\" title=\" \"  >\r\n\t\t\t\t\t\t\t\t<img loading=\"lazy\" decoding=\"async\" title=\"OLYMPUS DIGITAL CAMERA\" alt=\"OLYMPUS DIGITAL CAMERA\" src=\"http:\/\/judospartapraha.dev-null.cz\/wp-content\/gallery\/tabor-2023\/thumbs\/thumbs_small_p7070155.jpg\" width=\"100\" height=\"75\" \/>\r\n\t\t\t\t\t\t\t<\/a>\r\n\t\t<\/div>\r\n\t<\/div>\r\n\t\r\n\t\t\r\n \t\t\r\n\t<div id=\"ngg-image-4072\" class=\"ngg-gallery-thumbnail-box\"  >\r\n\t\t<div class=\"ngg-gallery-thumbnail\" >\r\n\t\t\t<a href=\"http:\/\/judospartapraha.dev-null.cz\/?page_id=1032&amp;pid=4072\" title=\" \"  >\r\n\t\t\t\t\t\t\t\t<img loading=\"lazy\" decoding=\"async\" title=\"OLYMPUS DIGITAL CAMERA\" alt=\"OLYMPUS DIGITAL CAMERA\" src=\"http:\/\/judospartapraha.dev-null.cz\/wp-content\/gallery\/tabor-2023\/thumbs\/thumbs_small_p7070167.jpg\" width=\"100\" height=\"75\" \/>\r\n\t\t\t\t\t\t\t<\/a>\r\n\t\t<\/div>\r\n\t<\/div>\r\n\t\r\n\t\t\r\n \t\t\r\n\t<div id=\"ngg-image-4073\" class=\"ngg-gallery-thumbnail-box\"  >\r\n\t\t<div class=\"ngg-gallery-thumbnail\" >\r\n\t\t\t<a href=\"http:\/\/judospartapraha.dev-null.cz\/?page_id=1032&amp;pid=4073\" title=\" \"  >\r\n\t\t\t\t\t\t\t\t<img loading=\"lazy\" decoding=\"async\" title=\"OLYMPUS DIGITAL CAMERA\" alt=\"OLYMPUS DIGITAL CAMERA\" src=\"http:\/\/judospartapraha.dev-null.cz\/wp-content\/gallery\/tabor-2023\/thumbs\/thumbs_small_p7070169.jpg\" width=\"100\" height=\"75\" \/>\r\n\t\t\t\t\t\t\t<\/a>\r\n\t\t<\/div>\r\n\t<\/div>\r\n\t\r\n\t\t\r\n \t\t\r\n\t<div id=\"ngg-image-4074\" class=\"ngg-gallery-thumbnail-box\"  >\r\n\t\t<div class=\"ngg-gallery-thumbnail\" >\r\n\t\t\t<a href=\"http:\/\/judospartapraha.dev-null.cz\/?page_id=1032&amp;pid=4074\" title=\" \"  >\r\n\t\t\t\t\t\t\t\t<img loading=\"lazy\" decoding=\"async\" title=\"OLYMPUS DIGITAL CAMERA\" alt=\"OLYMPUS DIGITAL CAMERA\" src=\"http:\/\/judospartapraha.dev-null.cz\/wp-content\/gallery\/tabor-2023\/thumbs\/thumbs_small_p7070172.jpg\" width=\"100\" height=\"75\" \/>\r\n\t\t\t\t\t\t\t<\/a>\r\n\t\t<\/div>\r\n\t<\/div>\r\n\t\r\n\t\t\r\n \t\t\r\n\t<div id=\"ngg-image-4075\" class=\"ngg-gallery-thumbnail-box\"  >\r\n\t\t<div class=\"ngg-gallery-thumbnail\" >\r\n\t\t\t<a href=\"http:\/\/judospartapraha.dev-null.cz\/?page_id=1032&amp;pid=4075\" title=\" \"  >\r\n\t\t\t\t\t\t\t\t<img loading=\"lazy\" decoding=\"async\" title=\"OLYMPUS DIGITAL CAMERA\" alt=\"OLYMPUS DIGITAL CAMERA\" src=\"http:\/\/judospartapraha.dev-null.cz\/wp-content\/gallery\/tabor-2023\/thumbs\/thumbs_small_p7070204.jpg\" width=\"100\" height=\"75\" \/>\r\n\t\t\t\t\t\t\t<\/a>\r\n\t\t<\/div>\r\n\t<\/div>\r\n\t\r\n\t\t\r\n \t\t\r\n\t<div id=\"ngg-image-4076\" class=\"ngg-gallery-thumbnail-box\"  >\r\n\t\t<div class=\"ngg-gallery-thumbnail\" >\r\n\t\t\t<a href=\"http:\/\/judospartapraha.dev-null.cz\/?page_id=1032&amp;pid=4076\" title=\" \"  >\r\n\t\t\t\t\t\t\t\t<img loading=\"lazy\" decoding=\"async\" title=\"OLYMPUS DIGITAL CAMERA\" alt=\"OLYMPUS DIGITAL CAMERA\" src=\"http:\/\/judospartapraha.dev-null.cz\/wp-content\/gallery\/tabor-2023\/thumbs\/thumbs_small_p7070206.jpg\" width=\"100\" height=\"75\" \/>\r\n\t\t\t\t\t\t\t<\/a>\r\n\t\t<\/div>\r\n\t<\/div>\r\n\t\r\n\t\t\r\n \t\t\r\n\t<div id=\"ngg-image-4077\" class=\"ngg-gallery-thumbnail-box\"  >\r\n\t\t<div class=\"ngg-gallery-thumbnail\" >\r\n\t\t\t<a href=\"http:\/\/judospartapraha.dev-null.cz\/?page_id=1032&amp;pid=4077\" title=\" \"  >\r\n\t\t\t\t\t\t\t\t<img loading=\"lazy\" decoding=\"async\" title=\"OLYMPUS DIGITAL CAMERA\" alt=\"OLYMPUS DIGITAL CAMERA\" src=\"http:\/\/judospartapraha.dev-null.cz\/wp-content\/gallery\/tabor-2023\/thumbs\/thumbs_small_p7080215.jpg\" width=\"100\" height=\"75\" \/>\r\n\t\t\t\t\t\t\t<\/a>\r\n\t\t<\/div>\r\n\t<\/div>\r\n\t\r\n\t\t\r\n \t \t\r\n\t<!-- Pagination -->\r\n \t<div class='ngg-navigation'><span class=\"current\">1<\/span><a class=\"page-numbers\" href=\"http:\/\/judospartapraha.dev-null.cz\/?page_id=1032&amp;nggpage=2\">2<\/a><a class=\"page-numbers\" href=\"http:\/\/judospartapraha.dev-null.cz\/?page_id=1032&amp;nggpage=3\">3<\/a><a class=\"page-numbers\" href=\"http:\/\/judospartapraha.dev-null.cz\/?page_id=1032&amp;nggpage=4\">4<\/a><a class=\"page-numbers\" href=\"http:\/\/judospartapraha.dev-null.cz\/?page_id=1032&amp;nggpage=5\">5<\/a><a class=\"page-numbers\" href=\"http:\/\/judospartapraha.dev-null.cz\/?page_id=1032&amp;nggpage=6\">6<\/a><a class=\"page-numbers\" href=\"http:\/\/judospartapraha.dev-null.cz\/?page_id=1032&amp;nggpage=7\">7<\/a><a class=\"next\" id=\"ngg-next-2\" href=\"http:\/\/judospartapraha.dev-null.cz\/?page_id=1032&amp;nggpage=2\">&#9658;<\/a><\/div> \t\r\n<\/div>\r\n\r\n\n","protected":false},"excerpt":{"rendered":"","protected":false},"author":1,"featured_media":0,"parent":123,"menu_order":0,"comment_status":"closed","ping_status":"closed","template":"","meta":{"footnotes":""},"_links":{"self":[{"href":"http:\/\/judospartapraha.dev-null.cz\/index.php?rest_route=\/wp\/v2\/pages\/1032"}],"collection":[{"href":"http:\/\/judospartapraha.dev-null.cz\/index.php?rest_route=\/wp\/v2\/pages"}],"about":[{"href":"http:\/\/judospartapraha.dev-null.cz\/index.php?rest_route=\/wp\/v2\/types\/page"}],"author":[{"embeddable":true,"href":"http:\/\/judospartapraha.dev-null.cz\/index.php?rest_route=\/wp\/v2\/users\/1"}],"replies":[{"embeddable":true,"href":"http:\/\/judospartapraha.dev-null.cz\/index.php?rest_route=%2Fwp%2Fv2%2Fcomments&post=1032"}],"version-history":[{"count":1,"href":"http:\/\/judospartapraha.dev-null.cz\/index.php?rest_route=\/wp\/v2\/pages\/1032\/revisions"}],"predecessor-version":[{"id":1033,"href":"http:\/\/judospartapraha.dev-null.cz\/index.php?rest_route=\/wp\/v2\/pages\/1032\/revisions\/1033"}],"up":[{"embeddable":true,"href":"http:\/\/judospartapraha.dev-null.cz\/index.php?rest_route=\/wp\/v2\/pages\/123"}],"wp:attachment":[{"href":"http:\/\/judospartapraha.dev-null.cz\/index.php?rest_route=%2Fwp%2Fv2%2Fmedia&parent=1032"}],"curies":[{"name":"wp","href":"https:\/\/api.w.org\/{rel}","templated":true}]}}