{"id":123,"date":"2015-03-04T13:09:48","date_gmt":"2015-03-04T12:09:48","guid":{"rendered":"http:\/\/judospartapraha.dev-null.cz\/?page_id=123"},"modified":"2016-06-15T10:16:09","modified_gmt":"2016-06-15T09:16:09","slug":"galerie","status":"publish","type":"page","link":"http:\/\/judospartapraha.dev-null.cz\/?page_id=123","title":{"rendered":"Galerie"},"content":{"rendered":"<p><!--:cz--><\/p>\n<h3>T\u00e1bory<\/h3>\n\r\n<div class=\"ngg-albumoverview\">\r\n\r\n\t<!-- List of galleries -->\r\n\t\r\n\t<div class=\"ngg-album-compact\">\r\n\t\t<div class=\"ngg-album-compactbox\">\r\n\t\t\t<div class=\"ngg-album-link\">\r\n\t\t\t\t<a class=\"Link\" href=\"http:\/\/judospartapraha.dev-null.cz\/?page_id=1032\">\r\n\t\t\t\t\t<img decoding=\"async\" class=\"Thumb\" alt=\"T\u00e1bor 2023\" src=\"http:\/\/judospartapraha.dev-null.cz\/wp-content\/gallery\/tabor-2023\/thumbs\/thumbs_small_p7170802.jpg\"\/>\r\n\t\t\t\t<\/a>\r\n\t\t\t<\/div>\r\n\t\t<\/div>\r\n\t\t<h4><a class=\"ngg-album-desc\" title=\"T\u00e1bor 2023\" href=\"http:\/\/judospartapraha.dev-null.cz\/?page_id=1032\" >T\u00e1bor 2023<\/a><\/h4>\r\n\t\t\t\t<p><strong>110<\/strong> Photos<\/p>\r\n\t\t\t<\/div>\r\n\r\n \t\r\n\t<div class=\"ngg-album-compact\">\r\n\t\t<div class=\"ngg-album-compactbox\">\r\n\t\t\t<div class=\"ngg-album-link\">\r\n\t\t\t\t<a class=\"Link\" href=\"http:\/\/judospartapraha.dev-null.cz\/?page_id=1002\">\r\n\t\t\t\t\t<img decoding=\"async\" class=\"Thumb\" alt=\"T\u00e1bor 2022\" src=\"http:\/\/judospartapraha.dev-null.cz\/wp-content\/gallery\/tabor-2022\/thumbs\/thumbs_p7100497.jpg\"\/>\r\n\t\t\t\t<\/a>\r\n\t\t\t<\/div>\r\n\t\t<\/div>\r\n\t\t<h4><a class=\"ngg-album-desc\" title=\"T\u00e1bor 2022\" href=\"http:\/\/judospartapraha.dev-null.cz\/?page_id=1002\" >T\u00e1bor 2022<\/a><\/h4>\r\n\t\t\t\t<p><strong>557<\/strong> Photos<\/p>\r\n\t\t\t<\/div>\r\n\r\n \t\r\n\t<div class=\"ngg-album-compact\">\r\n\t\t<div class=\"ngg-album-compactbox\">\r\n\t\t\t<div class=\"ngg-album-link\">\r\n\t\t\t\t<a class=\"Link\" href=\"http:\/\/judospartapraha.dev-null.cz\/?page_id=871\">\r\n\t\t\t\t\t<img decoding=\"async\" class=\"Thumb\" alt=\"T\u00e1bor 2021\" src=\"http:\/\/judospartapraha.dev-null.cz\/wp-content\/gallery\/tabor-2021\/thumbs\/thumbs_wm_p7051196.jpg\"\/>\r\n\t\t\t\t<\/a>\r\n\t\t\t<\/div>\r\n\t\t<\/div>\r\n\t\t<h4><a class=\"ngg-album-desc\" title=\"T\u00e1bor 2021\" href=\"http:\/\/judospartapraha.dev-null.cz\/?page_id=871\" >T\u00e1bor 2021<\/a><\/h4>\r\n\t\t\t\t<p><strong>157<\/strong> Photos<\/p>\r\n\t\t\t<\/div>\r\n\r\n \t\r\n\t<div class=\"ngg-album-compact\">\r\n\t\t<div class=\"ngg-album-compactbox\">\r\n\t\t\t<div class=\"ngg-album-link\">\r\n\t\t\t\t<a class=\"Link\" href=\"http:\/\/judospartapraha.dev-null.cz\/?page_id=123\">\r\n\t\t\t\t\t<img decoding=\"async\" class=\"Thumb\" alt=\"T\u00e1bor 2019\" src=\"http:\/\/judospartapraha.dev-null.cz\/wp-content\/gallery\/tabor-2019\/thumbs\/thumbs_wm_p7101099.jpg\"\/>\r\n\t\t\t\t<\/a>\r\n\t\t\t<\/div>\r\n\t\t<\/div>\r\n\t\t<h4><a class=\"ngg-album-desc\" title=\"T\u00e1bor 2019\" href=\"http:\/\/judospartapraha.dev-null.cz\/?page_id=123\" >T\u00e1bor 2019<\/a><\/h4>\r\n\t\t\t\t<p><strong>141<\/strong> Photos<\/p>\r\n\t\t\t<\/div>\r\n\r\n \t\r\n\t<div class=\"ngg-album-compact\">\r\n\t\t<div class=\"ngg-album-compactbox\">\r\n\t\t\t<div class=\"ngg-album-link\">\r\n\t\t\t\t<a class=\"Link\" href=\"http:\/\/judospartapraha.dev-null.cz\/?page_id=605\">\r\n\t\t\t\t\t<img decoding=\"async\" class=\"Thumb\" alt=\"T\u00e1bor 2018\" src=\"http:\/\/judospartapraha.dev-null.cz\/wp-content\/gallery\/tabor-2018\/thumbs\/thumbs_wm_small_p7100755.jpg\"\/>\r\n\t\t\t\t<\/a>\r\n\t\t\t<\/div>\r\n\t\t<\/div>\r\n\t\t<h4><a class=\"ngg-album-desc\" title=\"T\u00e1bor 2018\" href=\"http:\/\/judospartapraha.dev-null.cz\/?page_id=605\" >T\u00e1bor 2018<\/a><\/h4>\r\n\t\t\t\t<p><strong>150<\/strong> Photos<\/p>\r\n\t\t\t<\/div>\r\n\r\n \t\r\n\t<div class=\"ngg-album-compact\">\r\n\t\t<div class=\"ngg-album-compactbox\">\r\n\t\t\t<div class=\"ngg-album-link\">\r\n\t\t\t\t<a class=\"Link\" href=\"http:\/\/judospartapraha.dev-null.cz\/?page_id=564\">\r\n\t\t\t\t\t<img decoding=\"async\" class=\"Thumb\" alt=\"T\u00e1bor 2017\" src=\"http:\/\/judospartapraha.dev-null.cz\/wp-content\/gallery\/tabor-2017\/thumbs\/thumbs_wm_p7150610.jpg\"\/>\r\n\t\t\t\t<\/a>\r\n\t\t\t<\/div>\r\n\t\t<\/div>\r\n\t\t<h4><a class=\"ngg-album-desc\" title=\"T\u00e1bor 2017\" href=\"http:\/\/judospartapraha.dev-null.cz\/?page_id=564\" >T\u00e1bor 2017<\/a><\/h4>\r\n\t\t\t\t<p><strong>54<\/strong> Photos<\/p>\r\n\t\t\t<\/div>\r\n\r\n \t\r\n\t<div class=\"ngg-album-compact\">\r\n\t\t<div class=\"ngg-album-compactbox\">\r\n\t\t\t<div class=\"ngg-album-link\">\r\n\t\t\t\t<a class=\"Link\" href=\"http:\/\/judospartapraha.dev-null.cz\/?page_id=451\">\r\n\t\t\t\t\t<img decoding=\"async\" class=\"Thumb\" alt=\"T\u00e1bor 2016\" src=\"http:\/\/judospartapraha.dev-null.cz\/wp-content\/gallery\/tabor-2016\/thumbs\/thumbs_wp6300139.jpg\"\/>\r\n\t\t\t\t<\/a>\r\n\t\t\t<\/div>\r\n\t\t<\/div>\r\n\t\t<h4><a class=\"ngg-album-desc\" title=\"T\u00e1bor 2016\" href=\"http:\/\/judospartapraha.dev-null.cz\/?page_id=451\" >T\u00e1bor 2016<\/a><\/h4>\r\n\t\t\t\t<p><strong>149<\/strong> Photos<\/p>\r\n\t\t\t<\/div>\r\n\r\n \t\r\n\t<div class=\"ngg-album-compact\">\r\n\t\t<div class=\"ngg-album-compactbox\">\r\n\t\t\t<div class=\"ngg-album-link\">\r\n\t\t\t\t<a class=\"Link\" href=\"http:\/\/judospartapraha.dev-null.cz\/?page_id=295\">\r\n\t\t\t\t\t<img decoding=\"async\" class=\"Thumb\" alt=\"T\u00e1bor 2015\" src=\"http:\/\/judospartapraha.dev-null.cz\/wp-content\/gallery\/tabor-2015\/thumbs\/thumbs_martinek2015_65.jpg\"\/>\r\n\t\t\t\t<\/a>\r\n\t\t\t<\/div>\r\n\t\t<\/div>\r\n\t\t<h4><a class=\"ngg-album-desc\" title=\"T\u00e1bor 2015\" href=\"http:\/\/judospartapraha.dev-null.cz\/?page_id=295\" >T\u00e1bor 2015<\/a><\/h4>\r\n\t\t\t\t<p><strong>75<\/strong> Photos<\/p>\r\n\t\t\t<\/div>\r\n\r\n \t\r\n\t<div class=\"ngg-album-compact\">\r\n\t\t<div class=\"ngg-album-compactbox\">\r\n\t\t\t<div class=\"ngg-album-link\">\r\n\t\t\t\t<a class=\"Link\" href=\"http:\/\/judospartapraha.dev-null.cz\/?page_id=191\">\r\n\t\t\t\t\t<img decoding=\"async\" class=\"Thumb\" alt=\"T\u00e1bor 2014\" src=\"http:\/\/judospartapraha.dev-null.cz\/wp-content\/gallery\/tabor2014\/thumbs\/thumbs_p1090059.jpg\"\/>\r\n\t\t\t\t<\/a>\r\n\t\t\t<\/div>\r\n\t\t<\/div>\r\n\t\t<h4><a class=\"ngg-album-desc\" title=\"T\u00e1bor 2014\" href=\"http:\/\/judospartapraha.dev-null.cz\/?page_id=191\" >T\u00e1bor 2014<\/a><\/h4>\r\n\t\t\t\t<p><strong>141<\/strong> Photos<\/p>\r\n\t\t\t<\/div>\r\n\r\n \t\r\n\t<div class=\"ngg-album-compact\">\r\n\t\t<div class=\"ngg-album-compactbox\">\r\n\t\t\t<div class=\"ngg-album-link\">\r\n\t\t\t\t<a class=\"Link\" href=\"http:\/\/judospartapraha.dev-null.cz\/?page_id=181\">\r\n\t\t\t\t\t<img decoding=\"async\" class=\"Thumb\" alt=\"T\u00e1bor 2013\" src=\"http:\/\/judospartapraha.dev-null.cz\/wp-content\/gallery\/tabor2013\/thumbs\/thumbs_p1120453.jpg\"\/>\r\n\t\t\t\t<\/a>\r\n\t\t\t<\/div>\r\n\t\t<\/div>\r\n\t\t<h4><a class=\"ngg-album-desc\" title=\"T\u00e1bor 2013\" href=\"http:\/\/judospartapraha.dev-null.cz\/?page_id=181\" >T\u00e1bor 2013<\/a><\/h4>\r\n\t\t\t\t<p><strong>19<\/strong> Photos<\/p>\r\n\t\t\t<\/div>\r\n\r\n \t\r\n\t<!-- Pagination -->\r\n \t<div class=\"ngg-clear\"><\/div><\/div>\r\n\r\n\n<h3>Treninky<\/h3>\n\r\n<div class=\"ngg-albumoverview\">\r\n\r\n\t<!-- List of galleries -->\r\n\t\r\n\t<div class=\"ngg-album-compact\">\r\n\t\t<div class=\"ngg-album-compactbox\">\r\n\t\t\t<div class=\"ngg-album-link\">\r\n\t\t\t\t<a class=\"Link\" href=\"http:\/\/judospartapraha.dev-null.cz\/?page_id=538\">\r\n\t\t\t\t\t<img decoding=\"async\" class=\"Thumb\" alt=\"Treninky 2017\" src=\"http:\/\/judospartapraha.dev-null.cz\/wp-content\/gallery\/treninky-2017\/thumbs\/thumbs_wm_p4120891.jpg\"\/>\r\n\t\t\t\t<\/a>\r\n\t\t\t<\/div>\r\n\t\t<\/div>\r\n\t\t<h4><a class=\"ngg-album-desc\" title=\"Treninky 2017\" href=\"http:\/\/judospartapraha.dev-null.cz\/?page_id=538\" >Treninky 2017<\/a><\/h4>\r\n\t\t\t\t<p><strong>94<\/strong> Photos<\/p>\r\n\t\t\t<\/div>\r\n\r\n \t\r\n\t<div class=\"ngg-album-compact\">\r\n\t\t<div class=\"ngg-album-compactbox\">\r\n\t\t\t<div class=\"ngg-album-link\">\r\n\t\t\t\t<a class=\"Link\" href=\"http:\/\/judospartapraha.dev-null.cz\/?page_id=305\">\r\n\t\t\t\t\t<img decoding=\"async\" class=\"Thumb\" alt=\"Treninky 2016\" src=\"http:\/\/judospartapraha.dev-null.cz\/wp-content\/gallery\/treninky-2016\/thumbs\/thumbs_p1251145.jpg\"\/>\r\n\t\t\t\t<\/a>\r\n\t\t\t<\/div>\r\n\t\t<\/div>\r\n\t\t<h4><a class=\"ngg-album-desc\" title=\"Treninky 2016\" href=\"http:\/\/judospartapraha.dev-null.cz\/?page_id=305\" >Treninky 2016<\/a><\/h4>\r\n\t\t\t\t<p><strong>37<\/strong> Photos<\/p>\r\n\t\t\t<\/div>\r\n\r\n \t\r\n\t<div class=\"ngg-album-compact\">\r\n\t\t<div class=\"ngg-album-compactbox\">\r\n\t\t\t<div class=\"ngg-album-link\">\r\n\t\t\t\t<a class=\"Link\" href=\"http:\/\/judospartapraha.dev-null.cz\/?page_id=200\">\r\n\t\t\t\t\t<img decoding=\"async\" class=\"Thumb\" alt=\"Treninky 2015\" src=\"http:\/\/judospartapraha.dev-null.cz\/wp-content\/gallery\/trening2015\/thumbs\/thumbs_p2180395.jpg\"\/>\r\n\t\t\t\t<\/a>\r\n\t\t\t<\/div>\r\n\t\t<\/div>\r\n\t\t<h4><a class=\"ngg-album-desc\" title=\"Treninky 2015\" href=\"http:\/\/judospartapraha.dev-null.cz\/?page_id=200\" >Treninky 2015<\/a><\/h4>\r\n\t\t\t\t<p><strong>39<\/strong> Photos<\/p>\r\n\t\t\t<\/div>\r\n\r\n \t\r\n\t<div class=\"ngg-album-compact\">\r\n\t\t<div class=\"ngg-album-compactbox\">\r\n\t\t\t<div class=\"ngg-album-link\">\r\n\t\t\t\t<a class=\"Link\" href=\"http:\/\/judospartapraha.dev-null.cz\/?page_id=195\">\r\n\t\t\t\t\t<img decoding=\"async\" class=\"Thumb\" alt=\"Treninky  2014\" src=\"http:\/\/judospartapraha.dev-null.cz\/wp-content\/gallery\/trening2014\/thumbs\/thumbs_p1140165.jpg\"\/>\r\n\t\t\t\t<\/a>\r\n\t\t\t<\/div>\r\n\t\t<\/div>\r\n\t\t<h4><a class=\"ngg-album-desc\" title=\"Treninky  2014\" href=\"http:\/\/judospartapraha.dev-null.cz\/?page_id=195\" >Treninky  2014<\/a><\/h4>\r\n\t\t\t\t<p><strong>81<\/strong> Photos<\/p>\r\n\t\t\t<\/div>\r\n\r\n \t\r\n\t<!-- Pagination -->\r\n \t<div class=\"ngg-clear\"><\/div><\/div>\r\n\r\n\n<h3>V\u00fdlety a dal\u0161\u00ed akce<\/h3>\n\r\n<div class=\"ngg-albumoverview\">\r\n\r\n\t<!-- List of galleries -->\r\n\t\r\n\t<div class=\"ngg-album-compact\">\r\n\t\t<div class=\"ngg-album-compactbox\">\r\n\t\t\t<div class=\"ngg-album-link\">\r\n\t\t\t\t<a class=\"Link\" href=\"http:\/\/judospartapraha.dev-null.cz\/?page_id=123\">\r\n\t\t\t\t\t<img decoding=\"async\" class=\"Thumb\" alt=\"vanoce 2018\" src=\"http:\/\/judospartapraha.dev-null.cz\/wp-content\/gallery\/vanoce-2018\/thumbs\/thumbs_pc190533.jpg\"\/>\r\n\t\t\t\t<\/a>\r\n\t\t\t<\/div>\r\n\t\t<\/div>\r\n\t\t<h4><a class=\"ngg-album-desc\" title=\"vanoce 2018\" href=\"http:\/\/judospartapraha.dev-null.cz\/?page_id=123\" >vanoce 2018<\/a><\/h4>\r\n\t\t\t\t<p><strong>39<\/strong> Photos<\/p>\r\n\t\t\t<\/div>\r\n\r\n \t\r\n\t<div class=\"ngg-album-compact\">\r\n\t\t<div class=\"ngg-album-compactbox\">\r\n\t\t\t<div class=\"ngg-album-link\">\r\n\t\t\t\t<a class=\"Link\" href=\"http:\/\/judospartapraha.dev-null.cz\/?page_id=566\">\r\n\t\t\t\t\t<img decoding=\"async\" class=\"Thumb\" alt=\"Prokop\u00e1k 2017\" src=\"http:\/\/judospartapraha.dev-null.cz\/wp-content\/gallery\/prokopak-2017\/thumbs\/thumbs_wm_p6140182.jpg\"\/>\r\n\t\t\t\t<\/a>\r\n\t\t\t<\/div>\r\n\t\t<\/div>\r\n\t\t<h4><a class=\"ngg-album-desc\" title=\"Prokop\u00e1k 2017\" href=\"http:\/\/judospartapraha.dev-null.cz\/?page_id=566\" >Prokop\u00e1k 2017<\/a><\/h4>\r\n\t\t\t\t<p><strong>17<\/strong> Photos<\/p>\r\n\t\t\t<\/div>\r\n\r\n \t\r\n\t<div class=\"ngg-album-compact\">\r\n\t\t<div class=\"ngg-album-compactbox\">\r\n\t\t\t<div class=\"ngg-album-link\">\r\n\t\t\t\t<a class=\"Link\" href=\"http:\/\/judospartapraha.dev-null.cz\/?page_id=526\">\r\n\t\t\t\t\t<img decoding=\"async\" class=\"Thumb\" alt=\"V\u00e1noce 2016\" src=\"http:\/\/judospartapraha.dev-null.cz\/wp-content\/gallery\/vanoce-2016\/thumbs\/thumbs_pc190041.jpg\"\/>\r\n\t\t\t\t<\/a>\r\n\t\t\t<\/div>\r\n\t\t<\/div>\r\n\t\t<h4><a class=\"ngg-album-desc\" title=\"V\u00e1noce 2016\" href=\"http:\/\/judospartapraha.dev-null.cz\/?page_id=526\" >V\u00e1noce 2016<\/a><\/h4>\r\n\t\t\t\t<p><strong>25<\/strong> Photos<\/p>\r\n\t\t\t<\/div>\r\n\r\n \t\r\n\t<div class=\"ngg-album-compact\">\r\n\t\t<div class=\"ngg-album-compactbox\">\r\n\t\t\t<div class=\"ngg-album-link\">\r\n\t\t\t\t<a class=\"Link\" href=\"http:\/\/judospartapraha.dev-null.cz\/?page_id=430\">\r\n\t\t\t\t\t<img decoding=\"async\" class=\"Thumb\" alt=\"Prokop\u00e1k 2016\" src=\"http:\/\/judospartapraha.dev-null.cz\/wp-content\/gallery\/prokopak-2016\/thumbs\/thumbs_p6130062.jpg\"\/>\r\n\t\t\t\t<\/a>\r\n\t\t\t<\/div>\r\n\t\t<\/div>\r\n\t\t<h4><a class=\"ngg-album-desc\" title=\"Prokop\u00e1k 2016\" href=\"http:\/\/judospartapraha.dev-null.cz\/?page_id=430\" >Prokop\u00e1k 2016<\/a><\/h4>\r\n\t\t\t\t<p><strong>26<\/strong> Photos<\/p>\r\n\t\t\t<\/div>\r\n\r\n \t\r\n\t<!-- Pagination -->\r\n \t<div class=\"ngg-clear\"><\/div><\/div>\r\n\r\n\n<h3>Star\u0161\u00ed galerie<\/h3>\n<p>\r\n<div class=\"ngg-albumoverview\">\r\n\r\n\t<!-- List of galleries -->\r\n\t\r\n\t<div class=\"ngg-album-compact\">\r\n\t\t<div class=\"ngg-album-compactbox\">\r\n\t\t\t<div class=\"ngg-album-link\">\r\n\t\t\t\t<a class=\"Link\" href=\"http:\/\/judospartapraha.dev-null.cz\/?page_id=185\">\r\n\t\t\t\t\t<img decoding=\"async\" class=\"Thumb\" alt=\"Trening\" src=\"http:\/\/judospartapraha.dev-null.cz\/wp-content\/gallery\/trening\/thumbs\/thumbs_ju9.jpg\"\/>\r\n\t\t\t\t<\/a>\r\n\t\t\t<\/div>\r\n\t\t<\/div>\r\n\t\t<h4><a class=\"ngg-album-desc\" title=\"Trening\" href=\"http:\/\/judospartapraha.dev-null.cz\/?page_id=185\" >Trening<\/a><\/h4>\r\n\t\t\t\t<p><strong>24<\/strong> Photos<\/p>\r\n\t\t\t<\/div>\r\n\r\n \t\r\n\t<div class=\"ngg-album-compact\">\r\n\t\t<div class=\"ngg-album-compactbox\">\r\n\t\t\t<div class=\"ngg-album-link\">\r\n\t\t\t\t<a class=\"Link\" href=\"http:\/\/judospartapraha.dev-null.cz\/?page_id=183\">\r\n\t\t\t\t\t<img decoding=\"async\" class=\"Thumb\" alt=\"T\u00e1bor\" src=\"http:\/\/judospartapraha.dev-null.cz\/wp-content\/gallery\/tabor-jedna\/thumbs\/thumbs_ta7.jpg\"\/>\r\n\t\t\t\t<\/a>\r\n\t\t\t<\/div>\r\n\t\t<\/div>\r\n\t\t<h4><a class=\"ngg-album-desc\" title=\"T\u00e1bor\" href=\"http:\/\/judospartapraha.dev-null.cz\/?page_id=183\" >T\u00e1bor<\/a><\/h4>\r\n\t\t\t\t<p><strong>19<\/strong> Photos<\/p>\r\n\t\t\t<\/div>\r\n\r\n \t\r\n\t<div class=\"ngg-album-compact\">\r\n\t\t<div class=\"ngg-album-compactbox\">\r\n\t\t\t<div class=\"ngg-album-link\">\r\n\t\t\t\t<a class=\"Link\" href=\"http:\/\/judospartapraha.dev-null.cz\/?page_id=184\">\r\n\t\t\t\t\t<img decoding=\"async\" class=\"Thumb\" alt=\"Tatami v p\u0159\u00edrod\u011b\" src=\"http:\/\/judospartapraha.dev-null.cz\/wp-content\/gallery\/tatami-v-prirode\/thumbs\/thumbs_ju22.jpg\"\/>\r\n\t\t\t\t<\/a>\r\n\t\t\t<\/div>\r\n\t\t<\/div>\r\n\t\t<h4><a class=\"ngg-album-desc\" title=\"Tatami v p\u0159\u00edrod\u011b\" href=\"http:\/\/judospartapraha.dev-null.cz\/?page_id=184\" >Tatami v p\u0159\u00edrod\u011b<\/a><\/h4>\r\n\t\t\t\t<p><strong>4<\/strong> Photos<\/p>\r\n\t\t\t<\/div>\r\n\r\n \t\r\n\t<!-- Pagination -->\r\n \t<div class=\"ngg-clear\"><\/div><\/div>\r\n\r\n<!--:--><\/p>\n","protected":false},"excerpt":{"rendered":"<p>T\u00e1bory Treninky V\u00fdlety a dal\u0161\u00ed akce Star\u0161\u00ed galerie<\/p>\n","protected":false},"author":1,"featured_media":0,"parent":0,"menu_order":0,"comment_status":"closed","ping_status":"closed","template":"","meta":{"footnotes":""},"_links":{"self":[{"href":"http:\/\/judospartapraha.dev-null.cz\/index.php?rest_route=\/wp\/v2\/pages\/123"}],"collection":[{"href":"http:\/\/judospartapraha.dev-null.cz\/index.php?rest_route=\/wp\/v2\/pages"}],"about":[{"href":"http:\/\/judospartapraha.dev-null.cz\/index.php?rest_route=\/wp\/v2\/types\/page"}],"author":[{"embeddable":true,"href":"http:\/\/judospartapraha.dev-null.cz\/index.php?rest_route=\/wp\/v2\/users\/1"}],"replies":[{"embeddable":true,"href":"http:\/\/judospartapraha.dev-null.cz\/index.php?rest_route=%2Fwp%2Fv2%2Fcomments&post=123"}],"version-history":[{"count":33,"href":"http:\/\/judospartapraha.dev-null.cz\/index.php?rest_route=\/wp\/v2\/pages\/123\/revisions"}],"predecessor-version":[{"id":429,"href":"http:\/\/judospartapraha.dev-null.cz\/index.php?rest_route=\/wp\/v2\/pages\/123\/revisions\/429"}],"wp:attachment":[{"href":"http:\/\/judospartapraha.dev-null.cz\/index.php?rest_route=%2Fwp%2Fv2%2Fmedia&parent=123"}],"curies":[{"name":"wp","href":"https:\/\/api.w.org\/{rel}","templated":true}]}}