{"id":18,"date":"2015-02-27T13:44:03","date_gmt":"2015-02-27T12:44:03","guid":{"rendered":"http:\/\/judospartapraha.dev-null.cz\/?page_id=18"},"modified":"2023-02-10T14:01:07","modified_gmt":"2023-02-10T13:01:07","slug":"kontakty","status":"publish","type":"page","link":"http:\/\/judospartapraha.dev-null.cz\/?page_id=18","title":{"rendered":"Kontakty"},"content":{"rendered":"<p><strong>S\u00eddlo odd\u00edlu:<\/strong> Borovansk\u00e9ho 2379, Praha13 &#8211; Velk\u00e1 Ohrada<\/p>\n<p><strong>T\u011blocvi\u010dna<\/strong>:\u200c Z\u0160 Klausova, Praha13 &#8211; Velk\u00e1 Ohrada<\/p>\n<p><strong>Spojen\u00ed<\/strong>: BUS 142 a 184, zast\u00e1vka Velk\u00e1 Ohrada<\/p>\n<p>Tr\u00e9ninky prob\u00edhaj\u00ed ka\u017ed\u00e9 <strong>POND\u011aL\u00cd<\/strong> a <strong>ST\u0158EDU<\/strong> od 15:30 do 18:00<\/p>\n<p>E-mail: <a title=\"Kontakty\" href=\"mailto:vitek.judo@tiscali.cz\" rel=\"\">vitek.judo@tiscali.cz<\/a><br \/>\n<em>webmaster:\u00a0 <a title=\"Kontakty\" href=\"mailto:judospartapraha@dev-null.cz\" rel=\"\">judospartapraha@dev-null.cz<\/a><\/em><!--:--><\/p>\n","protected":false},"excerpt":{"rendered":"<p>S\u00eddlo odd\u00edlu: Borovansk\u00e9ho 2379, Praha13 &#8211; Velk\u00e1 Ohrada T\u011blocvi\u010dna:\u200c Z\u0160 Klausova, Praha13 &#8211; Velk\u00e1 Ohrada Spojen\u00ed: BUS 142 a 184, zast\u00e1vka Velk\u00e1 Ohrada Tr\u00e9ninky prob\u00edhaj\u00ed ka\u017ed\u00e9 POND\u011aL\u00cd a ST\u0158EDU od 15:30 do 18:00 E-mail: vitek.judo@tiscali.cz webmaster:\u00a0 judospartapraha@dev-null.cz<\/p>\n","protected":false},"author":1,"featured_media":0,"parent":366,"menu_order":0,"comment_status":"closed","ping_status":"closed","template":"","meta":{"footnotes":""},"_links":{"self":[{"href":"http:\/\/judospartapraha.dev-null.cz\/index.php?rest_route=\/wp\/v2\/pages\/18"}],"collection":[{"href":"http:\/\/judospartapraha.dev-null.cz\/index.php?rest_route=\/wp\/v2\/pages"}],"about":[{"href":"http:\/\/judospartapraha.dev-null.cz\/index.php?rest_route=\/wp\/v2\/types\/page"}],"author":[{"embeddable":true,"href":"http:\/\/judospartapraha.dev-null.cz\/index.php?rest_route=\/wp\/v2\/users\/1"}],"replies":[{"embeddable":true,"href":"http:\/\/judospartapraha.dev-null.cz\/index.php?rest_route=%2Fwp%2Fv2%2Fcomments&post=18"}],"version-history":[{"count":52,"href":"http:\/\/judospartapraha.dev-null.cz\/index.php?rest_route=\/wp\/v2\/pages\/18\/revisions"}],"predecessor-version":[{"id":894,"href":"http:\/\/judospartapraha.dev-null.cz\/index.php?rest_route=\/wp\/v2\/pages\/18\/revisions\/894"}],"up":[{"embeddable":true,"href":"http:\/\/judospartapraha.dev-null.cz\/index.php?rest_route=\/wp\/v2\/pages\/366"}],"wp:attachment":[{"href":"http:\/\/judospartapraha.dev-null.cz\/index.php?rest_route=%2Fwp%2Fv2%2Fmedia&parent=18"}],"curies":[{"name":"wp","href":"https:\/\/api.w.org\/{rel}","templated":true}]}}