{"id":181,"date":"2015-03-09T12:18:47","date_gmt":"2015-03-09T11:18:47","guid":{"rendered":"http:\/\/judospartapraha.dev-null.cz\/?page_id=181"},"modified":"2016-09-21T10:31:02","modified_gmt":"2016-09-21T09:31:02","slug":"tabor-2013","status":"publish","type":"page","link":"http:\/\/judospartapraha.dev-null.cz\/?page_id=181","title":{"rendered":"T\u00e1bor mal\u00fdch samuraj\u016f 2013"},"content":{"rendered":"<p>\r\n<div class=\"ngg-galleryoverview\" id=\"ngg-gallery-7-181\">\r\n\r\n\t<!-- Slideshow link -->\r\n\t<div class=\"slideshowlink\">\r\n\t\t<a class=\"slideshowlink\" href=\"http:\/\/judospartapraha.dev-null.cz\/?page_id=181&amp;show=slide\">\r\n\t\t\t[Slideshow]\t\t<\/a>\r\n\t<\/div>\r\n\r\n\t\r\n\t<!-- Thumbnails -->\r\n\t\t\r\n\t<div id=\"ngg-image-2572\" class=\"ngg-gallery-thumbnail-box\"  >\r\n\t\t<div class=\"ngg-gallery-thumbnail\" >\r\n\t\t\t<a href=\"http:\/\/judospartapraha.dev-null.cz\/?page_id=181&amp;pid=2572\" title=\" \"  >\r\n\t\t\t\t\t\t\t\t<img loading=\"lazy\" decoding=\"async\" title=\"p1110892\" alt=\"p1110892\" src=\"http:\/\/judospartapraha.dev-null.cz\/wp-content\/gallery\/tabor2013\/thumbs\/thumbs_p1110892.jpg\" width=\"100\" height=\"75\" \/>\r\n\t\t\t\t\t\t\t<\/a>\r\n\t\t<\/div>\r\n\t<\/div>\r\n\t\r\n\t\t\r\n \t\t\r\n\t<div id=\"ngg-image-2573\" class=\"ngg-gallery-thumbnail-box\"  >\r\n\t\t<div class=\"ngg-gallery-thumbnail\" >\r\n\t\t\t<a href=\"http:\/\/judospartapraha.dev-null.cz\/?page_id=181&amp;pid=2573\" title=\" \"  >\r\n\t\t\t\t\t\t\t\t<img loading=\"lazy\" decoding=\"async\" title=\"p1110896\" alt=\"p1110896\" src=\"http:\/\/judospartapraha.dev-null.cz\/wp-content\/gallery\/tabor2013\/thumbs\/thumbs_p1110896.jpg\" width=\"100\" height=\"75\" \/>\r\n\t\t\t\t\t\t\t<\/a>\r\n\t\t<\/div>\r\n\t<\/div>\r\n\t\r\n\t\t\r\n \t\t\r\n\t<div id=\"ngg-image-2574\" class=\"ngg-gallery-thumbnail-box\"  >\r\n\t\t<div class=\"ngg-gallery-thumbnail\" >\r\n\t\t\t<a href=\"http:\/\/judospartapraha.dev-null.cz\/?page_id=181&amp;pid=2574\" title=\" \"  >\r\n\t\t\t\t\t\t\t\t<img loading=\"lazy\" decoding=\"async\" title=\"p1110899\" alt=\"p1110899\" src=\"http:\/\/judospartapraha.dev-null.cz\/wp-content\/gallery\/tabor2013\/thumbs\/thumbs_p1110899.jpg\" width=\"100\" height=\"75\" \/>\r\n\t\t\t\t\t\t\t<\/a>\r\n\t\t<\/div>\r\n\t<\/div>\r\n\t\r\n\t\t\r\n \t\t\r\n\t<div id=\"ngg-image-2575\" class=\"ngg-gallery-thumbnail-box\"  >\r\n\t\t<div class=\"ngg-gallery-thumbnail\" >\r\n\t\t\t<a href=\"http:\/\/judospartapraha.dev-null.cz\/?page_id=181&amp;pid=2575\" title=\" \"  >\r\n\t\t\t\t\t\t\t\t<img loading=\"lazy\" decoding=\"async\" title=\"p1110907\" alt=\"p1110907\" src=\"http:\/\/judospartapraha.dev-null.cz\/wp-content\/gallery\/tabor2013\/thumbs\/thumbs_p1110907.jpg\" width=\"100\" height=\"75\" \/>\r\n\t\t\t\t\t\t\t<\/a>\r\n\t\t<\/div>\r\n\t<\/div>\r\n\t\r\n\t\t\r\n \t\t\r\n\t<div id=\"ngg-image-2576\" class=\"ngg-gallery-thumbnail-box\"  >\r\n\t\t<div class=\"ngg-gallery-thumbnail\" >\r\n\t\t\t<a href=\"http:\/\/judospartapraha.dev-null.cz\/?page_id=181&amp;pid=2576\" title=\" \"  >\r\n\t\t\t\t\t\t\t\t<img loading=\"lazy\" decoding=\"async\" title=\"p1110914\" alt=\"p1110914\" src=\"http:\/\/judospartapraha.dev-null.cz\/wp-content\/gallery\/tabor2013\/thumbs\/thumbs_p1110914.jpg\" width=\"100\" height=\"75\" \/>\r\n\t\t\t\t\t\t\t<\/a>\r\n\t\t<\/div>\r\n\t<\/div>\r\n\t\r\n\t\t\r\n \t\t\r\n\t<div id=\"ngg-image-2577\" class=\"ngg-gallery-thumbnail-box\"  >\r\n\t\t<div class=\"ngg-gallery-thumbnail\" >\r\n\t\t\t<a href=\"http:\/\/judospartapraha.dev-null.cz\/?page_id=181&amp;pid=2577\" title=\" \"  >\r\n\t\t\t\t\t\t\t\t<img loading=\"lazy\" decoding=\"async\" title=\"p1120380\" alt=\"p1120380\" src=\"http:\/\/judospartapraha.dev-null.cz\/wp-content\/gallery\/tabor2013\/thumbs\/thumbs_p1120380.jpg\" width=\"100\" height=\"75\" \/>\r\n\t\t\t\t\t\t\t<\/a>\r\n\t\t<\/div>\r\n\t<\/div>\r\n\t\r\n\t\t\r\n \t\t\r\n\t<div id=\"ngg-image-2578\" class=\"ngg-gallery-thumbnail-box\"  >\r\n\t\t<div class=\"ngg-gallery-thumbnail\" >\r\n\t\t\t<a href=\"http:\/\/judospartapraha.dev-null.cz\/?page_id=181&amp;pid=2578\" title=\" \"  >\r\n\t\t\t\t\t\t\t\t<img loading=\"lazy\" decoding=\"async\" title=\"p1120381\" alt=\"p1120381\" src=\"http:\/\/judospartapraha.dev-null.cz\/wp-content\/gallery\/tabor2013\/thumbs\/thumbs_p1120381.jpg\" width=\"100\" height=\"75\" \/>\r\n\t\t\t\t\t\t\t<\/a>\r\n\t\t<\/div>\r\n\t<\/div>\r\n\t\r\n\t\t\r\n \t\t\r\n\t<div id=\"ngg-image-2579\" class=\"ngg-gallery-thumbnail-box\"  >\r\n\t\t<div class=\"ngg-gallery-thumbnail\" >\r\n\t\t\t<a href=\"http:\/\/judospartapraha.dev-null.cz\/?page_id=181&amp;pid=2579\" title=\" \"  >\r\n\t\t\t\t\t\t\t\t<img loading=\"lazy\" decoding=\"async\" title=\"p1120382\" alt=\"p1120382\" src=\"http:\/\/judospartapraha.dev-null.cz\/wp-content\/gallery\/tabor2013\/thumbs\/thumbs_p1120382.jpg\" width=\"100\" height=\"75\" \/>\r\n\t\t\t\t\t\t\t<\/a>\r\n\t\t<\/div>\r\n\t<\/div>\r\n\t\r\n\t\t\r\n \t\t\r\n\t<div id=\"ngg-image-2580\" class=\"ngg-gallery-thumbnail-box\"  >\r\n\t\t<div class=\"ngg-gallery-thumbnail\" >\r\n\t\t\t<a href=\"http:\/\/judospartapraha.dev-null.cz\/?page_id=181&amp;pid=2580\" title=\" \"  >\r\n\t\t\t\t\t\t\t\t<img loading=\"lazy\" decoding=\"async\" title=\"p1120383\" alt=\"p1120383\" src=\"http:\/\/judospartapraha.dev-null.cz\/wp-content\/gallery\/tabor2013\/thumbs\/thumbs_p1120383.jpg\" width=\"100\" height=\"75\" \/>\r\n\t\t\t\t\t\t\t<\/a>\r\n\t\t<\/div>\r\n\t<\/div>\r\n\t\r\n\t\t\r\n \t\t\r\n\t<div id=\"ngg-image-2581\" class=\"ngg-gallery-thumbnail-box\"  >\r\n\t\t<div class=\"ngg-gallery-thumbnail\" >\r\n\t\t\t<a href=\"http:\/\/judospartapraha.dev-null.cz\/?page_id=181&amp;pid=2581\" title=\" \"  >\r\n\t\t\t\t\t\t\t\t<img loading=\"lazy\" decoding=\"async\" title=\"p1120384\" alt=\"p1120384\" src=\"http:\/\/judospartapraha.dev-null.cz\/wp-content\/gallery\/tabor2013\/thumbs\/thumbs_p1120384.jpg\" width=\"100\" height=\"75\" \/>\r\n\t\t\t\t\t\t\t<\/a>\r\n\t\t<\/div>\r\n\t<\/div>\r\n\t\r\n\t\t\r\n \t\t\r\n\t<div id=\"ngg-image-2582\" class=\"ngg-gallery-thumbnail-box\"  >\r\n\t\t<div class=\"ngg-gallery-thumbnail\" >\r\n\t\t\t<a href=\"http:\/\/judospartapraha.dev-null.cz\/?page_id=181&amp;pid=2582\" title=\" \"  >\r\n\t\t\t\t\t\t\t\t<img loading=\"lazy\" decoding=\"async\" title=\"p1120390\" alt=\"p1120390\" src=\"http:\/\/judospartapraha.dev-null.cz\/wp-content\/gallery\/tabor2013\/thumbs\/thumbs_p1120390.jpg\" width=\"100\" height=\"75\" \/>\r\n\t\t\t\t\t\t\t<\/a>\r\n\t\t<\/div>\r\n\t<\/div>\r\n\t\r\n\t\t\r\n \t\t\r\n\t<div id=\"ngg-image-2583\" class=\"ngg-gallery-thumbnail-box\"  >\r\n\t\t<div class=\"ngg-gallery-thumbnail\" >\r\n\t\t\t<a href=\"http:\/\/judospartapraha.dev-null.cz\/?page_id=181&amp;pid=2583\" title=\" \"  >\r\n\t\t\t\t\t\t\t\t<img loading=\"lazy\" decoding=\"async\" title=\"p1120391\" alt=\"p1120391\" src=\"http:\/\/judospartapraha.dev-null.cz\/wp-content\/gallery\/tabor2013\/thumbs\/thumbs_p1120391.jpg\" width=\"100\" height=\"75\" \/>\r\n\t\t\t\t\t\t\t<\/a>\r\n\t\t<\/div>\r\n\t<\/div>\r\n\t\r\n\t\t\r\n \t\t\r\n\t<div id=\"ngg-image-2584\" class=\"ngg-gallery-thumbnail-box\"  >\r\n\t\t<div class=\"ngg-gallery-thumbnail\" >\r\n\t\t\t<a href=\"http:\/\/judospartapraha.dev-null.cz\/?page_id=181&amp;pid=2584\" title=\" \"  >\r\n\t\t\t\t\t\t\t\t<img loading=\"lazy\" decoding=\"async\" title=\"p1120398\" alt=\"p1120398\" src=\"http:\/\/judospartapraha.dev-null.cz\/wp-content\/gallery\/tabor2013\/thumbs\/thumbs_p1120398.jpg\" width=\"100\" height=\"75\" \/>\r\n\t\t\t\t\t\t\t<\/a>\r\n\t\t<\/div>\r\n\t<\/div>\r\n\t\r\n\t\t\r\n \t\t\r\n\t<div id=\"ngg-image-2585\" class=\"ngg-gallery-thumbnail-box\"  >\r\n\t\t<div class=\"ngg-gallery-thumbnail\" >\r\n\t\t\t<a href=\"http:\/\/judospartapraha.dev-null.cz\/?page_id=181&amp;pid=2585\" title=\" \"  >\r\n\t\t\t\t\t\t\t\t<img loading=\"lazy\" decoding=\"async\" title=\"p1120404\" alt=\"p1120404\" src=\"http:\/\/judospartapraha.dev-null.cz\/wp-content\/gallery\/tabor2013\/thumbs\/thumbs_p1120404.jpg\" width=\"100\" height=\"75\" \/>\r\n\t\t\t\t\t\t\t<\/a>\r\n\t\t<\/div>\r\n\t<\/div>\r\n\t\r\n\t\t\r\n \t\t\r\n\t<div id=\"ngg-image-2586\" class=\"ngg-gallery-thumbnail-box\"  >\r\n\t\t<div class=\"ngg-gallery-thumbnail\" >\r\n\t\t\t<a href=\"http:\/\/judospartapraha.dev-null.cz\/?page_id=181&amp;pid=2586\" title=\" \"  >\r\n\t\t\t\t\t\t\t\t<img loading=\"lazy\" decoding=\"async\" title=\"p1120407\" alt=\"p1120407\" src=\"http:\/\/judospartapraha.dev-null.cz\/wp-content\/gallery\/tabor2013\/thumbs\/thumbs_p1120407.jpg\" width=\"100\" height=\"75\" \/>\r\n\t\t\t\t\t\t\t<\/a>\r\n\t\t<\/div>\r\n\t<\/div>\r\n\t\r\n\t\t\r\n \t\t\r\n\t<div id=\"ngg-image-2587\" class=\"ngg-gallery-thumbnail-box\"  >\r\n\t\t<div class=\"ngg-gallery-thumbnail\" >\r\n\t\t\t<a href=\"http:\/\/judospartapraha.dev-null.cz\/?page_id=181&amp;pid=2587\" title=\" \"  >\r\n\t\t\t\t\t\t\t\t<img loading=\"lazy\" decoding=\"async\" title=\"p1120408\" alt=\"p1120408\" src=\"http:\/\/judospartapraha.dev-null.cz\/wp-content\/gallery\/tabor2013\/thumbs\/thumbs_p1120408.jpg\" width=\"100\" height=\"75\" \/>\r\n\t\t\t\t\t\t\t<\/a>\r\n\t\t<\/div>\r\n\t<\/div>\r\n\t\r\n\t\t\r\n \t \t\r\n\t<!-- Pagination -->\r\n \t<div class='ngg-navigation'><span class=\"current\">1<\/span><a class=\"page-numbers\" href=\"http:\/\/judospartapraha.dev-null.cz\/?page_id=181&amp;nggpage=2\">2<\/a><a class=\"next\" id=\"ngg-next-2\" href=\"http:\/\/judospartapraha.dev-null.cz\/?page_id=181&amp;nggpage=2\">&#9658;<\/a><\/div> \t\r\n<\/div>\r\n\r\n<br \/>\n<a href=\"http:\/\/judospartapraha.dev-null.cz\/?page_id=123\">&lt;Zp\u011bt do galerie&gt;<\/a><\/p>\n","protected":false},"excerpt":{"rendered":"<p>&lt;Zp\u011bt do galerie&gt;<\/p>\n","protected":false},"author":1,"featured_media":0,"parent":123,"menu_order":0,"comment_status":"closed","ping_status":"closed","template":"","meta":{"footnotes":""},"_links":{"self":[{"href":"http:\/\/judospartapraha.dev-null.cz\/index.php?rest_route=\/wp\/v2\/pages\/181"}],"collection":[{"href":"http:\/\/judospartapraha.dev-null.cz\/index.php?rest_route=\/wp\/v2\/pages"}],"about":[{"href":"http:\/\/judospartapraha.dev-null.cz\/index.php?rest_route=\/wp\/v2\/types\/page"}],"author":[{"embeddable":true,"href":"http:\/\/judospartapraha.dev-null.cz\/index.php?rest_route=\/wp\/v2\/users\/1"}],"replies":[{"embeddable":true,"href":"http:\/\/judospartapraha.dev-null.cz\/index.php?rest_route=%2Fwp%2Fv2%2Fcomments&post=181"}],"version-history":[{"count":17,"href":"http:\/\/judospartapraha.dev-null.cz\/index.php?rest_route=\/wp\/v2\/pages\/181\/revisions"}],"predecessor-version":[{"id":476,"href":"http:\/\/judospartapraha.dev-null.cz\/index.php?rest_route=\/wp\/v2\/pages\/181\/revisions\/476"}],"up":[{"embeddable":true,"href":"http:\/\/judospartapraha.dev-null.cz\/index.php?rest_route=\/wp\/v2\/pages\/123"}],"wp:attachment":[{"href":"http:\/\/judospartapraha.dev-null.cz\/index.php?rest_route=%2Fwp%2Fv2%2Fmedia&parent=181"}],"curies":[{"name":"wp","href":"https:\/\/api.w.org\/{rel}","templated":true}]}}