{"id":295,"date":"2016-02-13T21:09:10","date_gmt":"2016-02-13T20:09:10","guid":{"rendered":"http:\/\/judospartapraha.dev-null.cz\/?page_id=295"},"modified":"2016-02-22T11:36:22","modified_gmt":"2016-02-22T10:36:22","slug":"tabor-2015","status":"publish","type":"page","link":"http:\/\/judospartapraha.dev-null.cz\/?page_id=295","title":{"rendered":"T\u00e1bor mal\u00fdch samuraj\u016f 2015"},"content":{"rendered":"\r\n<div class=\"ngg-galleryoverview\" id=\"ngg-gallery-21-295\">\r\n\r\n\t<!-- Slideshow link -->\r\n\t<div class=\"slideshowlink\">\r\n\t\t<a class=\"slideshowlink\" href=\"http:\/\/judospartapraha.dev-null.cz\/?page_id=295&amp;show=slide\">\r\n\t\t\t[Slideshow]\t\t<\/a>\r\n\t<\/div>\r\n\r\n\t\r\n\t<!-- Thumbnails -->\r\n\t\t\r\n\t<div id=\"ngg-image-2497\" class=\"ngg-gallery-thumbnail-box\"  >\r\n\t\t<div class=\"ngg-gallery-thumbnail\" >\r\n\t\t\t<a href=\"http:\/\/judospartapraha.dev-null.cz\/?page_id=295&amp;pid=2497\" title=\" \"  >\r\n\t\t\t\t\t\t\t\t<img loading=\"lazy\" decoding=\"async\" title=\" \" alt=\" \" src=\"http:\/\/judospartapraha.dev-null.cz\/wp-content\/gallery\/tabor-2015\/thumbs\/thumbs_martinek2015_1.jpg\" width=\"100\" height=\"75\" \/>\r\n\t\t\t\t\t\t\t<\/a>\r\n\t\t<\/div>\r\n\t<\/div>\r\n\t\r\n\t\t\r\n \t\t\r\n\t<div id=\"ngg-image-2498\" class=\"ngg-gallery-thumbnail-box\"  >\r\n\t\t<div class=\"ngg-gallery-thumbnail\" >\r\n\t\t\t<a href=\"http:\/\/judospartapraha.dev-null.cz\/?page_id=295&amp;pid=2498\" title=\" \"  >\r\n\t\t\t\t\t\t\t\t<img loading=\"lazy\" decoding=\"async\" title=\" \" alt=\" \" src=\"http:\/\/judospartapraha.dev-null.cz\/wp-content\/gallery\/tabor-2015\/thumbs\/thumbs_martinek2015_10.jpg\" width=\"100\" height=\"75\" \/>\r\n\t\t\t\t\t\t\t<\/a>\r\n\t\t<\/div>\r\n\t<\/div>\r\n\t\r\n\t\t\r\n \t\t\r\n\t<div id=\"ngg-image-2499\" class=\"ngg-gallery-thumbnail-box\"  >\r\n\t\t<div class=\"ngg-gallery-thumbnail\" >\r\n\t\t\t<a href=\"http:\/\/judospartapraha.dev-null.cz\/?page_id=295&amp;pid=2499\" title=\" \"  >\r\n\t\t\t\t\t\t\t\t<img loading=\"lazy\" decoding=\"async\" title=\" \" alt=\" \" src=\"http:\/\/judospartapraha.dev-null.cz\/wp-content\/gallery\/tabor-2015\/thumbs\/thumbs_martinek2015_11.jpg\" width=\"100\" height=\"75\" \/>\r\n\t\t\t\t\t\t\t<\/a>\r\n\t\t<\/div>\r\n\t<\/div>\r\n\t\r\n\t\t\r\n \t\t\r\n\t<div id=\"ngg-image-2500\" class=\"ngg-gallery-thumbnail-box\"  >\r\n\t\t<div class=\"ngg-gallery-thumbnail\" >\r\n\t\t\t<a href=\"http:\/\/judospartapraha.dev-null.cz\/?page_id=295&amp;pid=2500\" title=\" \"  >\r\n\t\t\t\t\t\t\t\t<img loading=\"lazy\" decoding=\"async\" title=\" \" alt=\" \" src=\"http:\/\/judospartapraha.dev-null.cz\/wp-content\/gallery\/tabor-2015\/thumbs\/thumbs_martinek2015_12.jpg\" width=\"100\" height=\"75\" \/>\r\n\t\t\t\t\t\t\t<\/a>\r\n\t\t<\/div>\r\n\t<\/div>\r\n\t\r\n\t\t\r\n \t\t\r\n\t<div id=\"ngg-image-2501\" class=\"ngg-gallery-thumbnail-box\"  >\r\n\t\t<div class=\"ngg-gallery-thumbnail\" >\r\n\t\t\t<a href=\"http:\/\/judospartapraha.dev-null.cz\/?page_id=295&amp;pid=2501\" title=\" \"  >\r\n\t\t\t\t\t\t\t\t<img loading=\"lazy\" decoding=\"async\" title=\" \" alt=\" \" src=\"http:\/\/judospartapraha.dev-null.cz\/wp-content\/gallery\/tabor-2015\/thumbs\/thumbs_martinek2015_13.jpg\" width=\"100\" height=\"75\" \/>\r\n\t\t\t\t\t\t\t<\/a>\r\n\t\t<\/div>\r\n\t<\/div>\r\n\t\r\n\t\t\r\n \t\t\r\n\t<div id=\"ngg-image-2502\" class=\"ngg-gallery-thumbnail-box\"  >\r\n\t\t<div class=\"ngg-gallery-thumbnail\" >\r\n\t\t\t<a href=\"http:\/\/judospartapraha.dev-null.cz\/?page_id=295&amp;pid=2502\" title=\" \"  >\r\n\t\t\t\t\t\t\t\t<img loading=\"lazy\" decoding=\"async\" title=\" \" alt=\" \" src=\"http:\/\/judospartapraha.dev-null.cz\/wp-content\/gallery\/tabor-2015\/thumbs\/thumbs_martinek2015_14.jpg\" width=\"100\" height=\"75\" \/>\r\n\t\t\t\t\t\t\t<\/a>\r\n\t\t<\/div>\r\n\t<\/div>\r\n\t\r\n\t\t\r\n \t\t\r\n\t<div id=\"ngg-image-2503\" class=\"ngg-gallery-thumbnail-box\"  >\r\n\t\t<div class=\"ngg-gallery-thumbnail\" >\r\n\t\t\t<a href=\"http:\/\/judospartapraha.dev-null.cz\/?page_id=295&amp;pid=2503\" title=\" \"  >\r\n\t\t\t\t\t\t\t\t<img loading=\"lazy\" decoding=\"async\" title=\" \" alt=\" \" src=\"http:\/\/judospartapraha.dev-null.cz\/wp-content\/gallery\/tabor-2015\/thumbs\/thumbs_martinek2015_15.jpg\" width=\"100\" height=\"75\" \/>\r\n\t\t\t\t\t\t\t<\/a>\r\n\t\t<\/div>\r\n\t<\/div>\r\n\t\r\n\t\t\r\n \t\t\r\n\t<div id=\"ngg-image-2504\" class=\"ngg-gallery-thumbnail-box\"  >\r\n\t\t<div class=\"ngg-gallery-thumbnail\" >\r\n\t\t\t<a href=\"http:\/\/judospartapraha.dev-null.cz\/?page_id=295&amp;pid=2504\" title=\" \"  >\r\n\t\t\t\t\t\t\t\t<img loading=\"lazy\" decoding=\"async\" title=\" \" alt=\" \" src=\"http:\/\/judospartapraha.dev-null.cz\/wp-content\/gallery\/tabor-2015\/thumbs\/thumbs_martinek2015_16.jpg\" width=\"100\" height=\"75\" \/>\r\n\t\t\t\t\t\t\t<\/a>\r\n\t\t<\/div>\r\n\t<\/div>\r\n\t\r\n\t\t\r\n \t\t\r\n\t<div id=\"ngg-image-2505\" class=\"ngg-gallery-thumbnail-box\"  >\r\n\t\t<div class=\"ngg-gallery-thumbnail\" >\r\n\t\t\t<a href=\"http:\/\/judospartapraha.dev-null.cz\/?page_id=295&amp;pid=2505\" title=\" \"  >\r\n\t\t\t\t\t\t\t\t<img loading=\"lazy\" decoding=\"async\" title=\" \" alt=\" \" src=\"http:\/\/judospartapraha.dev-null.cz\/wp-content\/gallery\/tabor-2015\/thumbs\/thumbs_martinek2015_17.jpg\" width=\"100\" height=\"75\" \/>\r\n\t\t\t\t\t\t\t<\/a>\r\n\t\t<\/div>\r\n\t<\/div>\r\n\t\r\n\t\t\r\n \t\t\r\n\t<div id=\"ngg-image-2506\" class=\"ngg-gallery-thumbnail-box\"  >\r\n\t\t<div class=\"ngg-gallery-thumbnail\" >\r\n\t\t\t<a href=\"http:\/\/judospartapraha.dev-null.cz\/?page_id=295&amp;pid=2506\" title=\" \"  >\r\n\t\t\t\t\t\t\t\t<img loading=\"lazy\" decoding=\"async\" title=\" \" alt=\" \" src=\"http:\/\/judospartapraha.dev-null.cz\/wp-content\/gallery\/tabor-2015\/thumbs\/thumbs_martinek2015_18.jpg\" width=\"100\" height=\"75\" \/>\r\n\t\t\t\t\t\t\t<\/a>\r\n\t\t<\/div>\r\n\t<\/div>\r\n\t\r\n\t\t\r\n \t\t\r\n\t<div id=\"ngg-image-2507\" class=\"ngg-gallery-thumbnail-box\"  >\r\n\t\t<div class=\"ngg-gallery-thumbnail\" >\r\n\t\t\t<a href=\"http:\/\/judospartapraha.dev-null.cz\/?page_id=295&amp;pid=2507\" title=\" \"  >\r\n\t\t\t\t\t\t\t\t<img loading=\"lazy\" decoding=\"async\" title=\" \" alt=\" \" src=\"http:\/\/judospartapraha.dev-null.cz\/wp-content\/gallery\/tabor-2015\/thumbs\/thumbs_martinek2015_19.jpg\" width=\"100\" height=\"75\" \/>\r\n\t\t\t\t\t\t\t<\/a>\r\n\t\t<\/div>\r\n\t<\/div>\r\n\t\r\n\t\t\r\n \t\t\r\n\t<div id=\"ngg-image-2508\" class=\"ngg-gallery-thumbnail-box\"  >\r\n\t\t<div class=\"ngg-gallery-thumbnail\" >\r\n\t\t\t<a href=\"http:\/\/judospartapraha.dev-null.cz\/?page_id=295&amp;pid=2508\" title=\" \"  >\r\n\t\t\t\t\t\t\t\t<img loading=\"lazy\" decoding=\"async\" title=\" \" alt=\" \" src=\"http:\/\/judospartapraha.dev-null.cz\/wp-content\/gallery\/tabor-2015\/thumbs\/thumbs_martinek2015_2.jpg\" width=\"100\" height=\"75\" \/>\r\n\t\t\t\t\t\t\t<\/a>\r\n\t\t<\/div>\r\n\t<\/div>\r\n\t\r\n\t\t\r\n \t\t\r\n\t<div id=\"ngg-image-2509\" class=\"ngg-gallery-thumbnail-box\"  >\r\n\t\t<div class=\"ngg-gallery-thumbnail\" >\r\n\t\t\t<a href=\"http:\/\/judospartapraha.dev-null.cz\/?page_id=295&amp;pid=2509\" title=\" \"  >\r\n\t\t\t\t\t\t\t\t<img loading=\"lazy\" decoding=\"async\" title=\" \" alt=\" \" src=\"http:\/\/judospartapraha.dev-null.cz\/wp-content\/gallery\/tabor-2015\/thumbs\/thumbs_martinek2015_20.jpg\" width=\"100\" height=\"75\" \/>\r\n\t\t\t\t\t\t\t<\/a>\r\n\t\t<\/div>\r\n\t<\/div>\r\n\t\r\n\t\t\r\n \t\t\r\n\t<div id=\"ngg-image-2510\" class=\"ngg-gallery-thumbnail-box\"  >\r\n\t\t<div class=\"ngg-gallery-thumbnail\" >\r\n\t\t\t<a href=\"http:\/\/judospartapraha.dev-null.cz\/?page_id=295&amp;pid=2510\" title=\" \"  >\r\n\t\t\t\t\t\t\t\t<img loading=\"lazy\" decoding=\"async\" title=\" \" alt=\" \" src=\"http:\/\/judospartapraha.dev-null.cz\/wp-content\/gallery\/tabor-2015\/thumbs\/thumbs_martinek2015_21.jpg\" width=\"100\" height=\"75\" \/>\r\n\t\t\t\t\t\t\t<\/a>\r\n\t\t<\/div>\r\n\t<\/div>\r\n\t\r\n\t\t\r\n \t\t\r\n\t<div id=\"ngg-image-2511\" class=\"ngg-gallery-thumbnail-box\"  >\r\n\t\t<div class=\"ngg-gallery-thumbnail\" >\r\n\t\t\t<a href=\"http:\/\/judospartapraha.dev-null.cz\/?page_id=295&amp;pid=2511\" title=\" \"  >\r\n\t\t\t\t\t\t\t\t<img loading=\"lazy\" decoding=\"async\" title=\" \" alt=\" \" src=\"http:\/\/judospartapraha.dev-null.cz\/wp-content\/gallery\/tabor-2015\/thumbs\/thumbs_martinek2015_22.jpg\" width=\"100\" height=\"75\" \/>\r\n\t\t\t\t\t\t\t<\/a>\r\n\t\t<\/div>\r\n\t<\/div>\r\n\t\r\n\t\t\r\n \t\t\r\n\t<div id=\"ngg-image-2512\" class=\"ngg-gallery-thumbnail-box\"  >\r\n\t\t<div class=\"ngg-gallery-thumbnail\" >\r\n\t\t\t<a href=\"http:\/\/judospartapraha.dev-null.cz\/?page_id=295&amp;pid=2512\" title=\" \"  >\r\n\t\t\t\t\t\t\t\t<img loading=\"lazy\" decoding=\"async\" title=\" \" alt=\" \" src=\"http:\/\/judospartapraha.dev-null.cz\/wp-content\/gallery\/tabor-2015\/thumbs\/thumbs_martinek2015_23.jpg\" width=\"100\" height=\"75\" \/>\r\n\t\t\t\t\t\t\t<\/a>\r\n\t\t<\/div>\r\n\t<\/div>\r\n\t\r\n\t\t\r\n \t \t\r\n\t<!-- Pagination -->\r\n \t<div class='ngg-navigation'><span class=\"current\">1<\/span><a class=\"page-numbers\" href=\"http:\/\/judospartapraha.dev-null.cz\/?page_id=295&amp;nggpage=2\">2<\/a><a class=\"page-numbers\" href=\"http:\/\/judospartapraha.dev-null.cz\/?page_id=295&amp;nggpage=3\">3<\/a><a class=\"page-numbers\" href=\"http:\/\/judospartapraha.dev-null.cz\/?page_id=295&amp;nggpage=4\">4<\/a><a class=\"page-numbers\" href=\"http:\/\/judospartapraha.dev-null.cz\/?page_id=295&amp;nggpage=5\">5<\/a><a class=\"next\" id=\"ngg-next-2\" href=\"http:\/\/judospartapraha.dev-null.cz\/?page_id=295&amp;nggpage=2\">&#9658;<\/a><\/div> \t\r\n<\/div>\r\n\r\n\n","protected":false},"excerpt":{"rendered":"","protected":false},"author":1,"featured_media":0,"parent":123,"menu_order":0,"comment_status":"closed","ping_status":"closed","template":"","meta":{"footnotes":""},"_links":{"self":[{"href":"http:\/\/judospartapraha.dev-null.cz\/index.php?rest_route=\/wp\/v2\/pages\/295"}],"collection":[{"href":"http:\/\/judospartapraha.dev-null.cz\/index.php?rest_route=\/wp\/v2\/pages"}],"about":[{"href":"http:\/\/judospartapraha.dev-null.cz\/index.php?rest_route=\/wp\/v2\/types\/page"}],"author":[{"embeddable":true,"href":"http:\/\/judospartapraha.dev-null.cz\/index.php?rest_route=\/wp\/v2\/users\/1"}],"replies":[{"embeddable":true,"href":"http:\/\/judospartapraha.dev-null.cz\/index.php?rest_route=%2Fwp%2Fv2%2Fcomments&post=295"}],"version-history":[{"count":6,"href":"http:\/\/judospartapraha.dev-null.cz\/index.php?rest_route=\/wp\/v2\/pages\/295\/revisions"}],"predecessor-version":[{"id":355,"href":"http:\/\/judospartapraha.dev-null.cz\/index.php?rest_route=\/wp\/v2\/pages\/295\/revisions\/355"}],"up":[{"embeddable":true,"href":"http:\/\/judospartapraha.dev-null.cz\/index.php?rest_route=\/wp\/v2\/pages\/123"}],"wp:attachment":[{"href":"http:\/\/judospartapraha.dev-null.cz\/index.php?rest_route=%2Fwp%2Fv2%2Fmedia&parent=295"}],"curies":[{"name":"wp","href":"https:\/\/api.w.org\/{rel}","templated":true}]}}