{"id":564,"date":"2017-08-01T08:40:15","date_gmt":"2017-08-01T07:40:15","guid":{"rendered":"http:\/\/judospartapraha.dev-null.cz\/?page_id=564"},"modified":"2017-08-01T08:42:08","modified_gmt":"2017-08-01T07:42:08","slug":"tabor-malych-samuraju-2017","status":"publish","type":"page","link":"http:\/\/judospartapraha.dev-null.cz\/?page_id=564","title":{"rendered":"T\u00e1bor mal\u00fdch samuraj\u016f 2017"},"content":{"rendered":"\r\n<div class=\"ngg-galleryoverview\" id=\"ngg-gallery-27-564\">\r\n\r\n\t<!-- Slideshow link -->\r\n\t<div class=\"slideshowlink\">\r\n\t\t<a class=\"slideshowlink\" href=\"http:\/\/judospartapraha.dev-null.cz\/?page_id=564&amp;show=slide\">\r\n\t\t\t[Slideshow]\t\t<\/a>\r\n\t<\/div>\r\n\r\n\t\r\n\t<!-- Thumbnails -->\r\n\t\t\r\n\t<div id=\"ngg-image-2875\" class=\"ngg-gallery-thumbnail-box\"  >\r\n\t\t<div class=\"ngg-gallery-thumbnail\" >\r\n\t\t\t<a href=\"http:\/\/judospartapraha.dev-null.cz\/?page_id=564&amp;pid=2875\" title=\" \"  >\r\n\t\t\t\t\t\t\t\t<img loading=\"lazy\" decoding=\"async\" title=\" \" alt=\" \" src=\"http:\/\/judospartapraha.dev-null.cz\/wp-content\/gallery\/tabor-2017\/thumbs\/thumbs_wm_p7020020.jpg\" width=\"100\" height=\"75\" \/>\r\n\t\t\t\t\t\t\t<\/a>\r\n\t\t<\/div>\r\n\t<\/div>\r\n\t\r\n\t\t\r\n \t\t\r\n\t<div id=\"ngg-image-2876\" class=\"ngg-gallery-thumbnail-box\"  >\r\n\t\t<div class=\"ngg-gallery-thumbnail\" >\r\n\t\t\t<a href=\"http:\/\/judospartapraha.dev-null.cz\/?page_id=564&amp;pid=2876\" title=\" \"  >\r\n\t\t\t\t\t\t\t\t<img loading=\"lazy\" decoding=\"async\" title=\" \" alt=\" \" src=\"http:\/\/judospartapraha.dev-null.cz\/wp-content\/gallery\/tabor-2017\/thumbs\/thumbs_wm_p7020027.jpg\" width=\"100\" height=\"75\" \/>\r\n\t\t\t\t\t\t\t<\/a>\r\n\t\t<\/div>\r\n\t<\/div>\r\n\t\r\n\t\t\r\n \t\t\r\n\t<div id=\"ngg-image-2877\" class=\"ngg-gallery-thumbnail-box\"  >\r\n\t\t<div class=\"ngg-gallery-thumbnail\" >\r\n\t\t\t<a href=\"http:\/\/judospartapraha.dev-null.cz\/?page_id=564&amp;pid=2877\" title=\" \"  >\r\n\t\t\t\t\t\t\t\t<img loading=\"lazy\" decoding=\"async\" title=\" \" alt=\" \" src=\"http:\/\/judospartapraha.dev-null.cz\/wp-content\/gallery\/tabor-2017\/thumbs\/thumbs_wm_p7020032.jpg\" width=\"100\" height=\"75\" \/>\r\n\t\t\t\t\t\t\t<\/a>\r\n\t\t<\/div>\r\n\t<\/div>\r\n\t\r\n\t\t\r\n \t\t\r\n\t<div id=\"ngg-image-2878\" class=\"ngg-gallery-thumbnail-box\"  >\r\n\t\t<div class=\"ngg-gallery-thumbnail\" >\r\n\t\t\t<a href=\"http:\/\/judospartapraha.dev-null.cz\/?page_id=564&amp;pid=2878\" title=\" \"  >\r\n\t\t\t\t\t\t\t\t<img loading=\"lazy\" decoding=\"async\" title=\" \" alt=\" \" src=\"http:\/\/judospartapraha.dev-null.cz\/wp-content\/gallery\/tabor-2017\/thumbs\/thumbs_wm_p7030053.jpg\" width=\"100\" height=\"75\" \/>\r\n\t\t\t\t\t\t\t<\/a>\r\n\t\t<\/div>\r\n\t<\/div>\r\n\t\r\n\t\t\r\n \t\t\r\n\t<div id=\"ngg-image-2879\" class=\"ngg-gallery-thumbnail-box\"  >\r\n\t\t<div class=\"ngg-gallery-thumbnail\" >\r\n\t\t\t<a href=\"http:\/\/judospartapraha.dev-null.cz\/?page_id=564&amp;pid=2879\" title=\" \"  >\r\n\t\t\t\t\t\t\t\t<img loading=\"lazy\" decoding=\"async\" title=\" \" alt=\" \" src=\"http:\/\/judospartapraha.dev-null.cz\/wp-content\/gallery\/tabor-2017\/thumbs\/thumbs_wm_p7030055.jpg\" width=\"100\" height=\"75\" \/>\r\n\t\t\t\t\t\t\t<\/a>\r\n\t\t<\/div>\r\n\t<\/div>\r\n\t\r\n\t\t\r\n \t\t\r\n\t<div id=\"ngg-image-2880\" class=\"ngg-gallery-thumbnail-box\"  >\r\n\t\t<div class=\"ngg-gallery-thumbnail\" >\r\n\t\t\t<a href=\"http:\/\/judospartapraha.dev-null.cz\/?page_id=564&amp;pid=2880\" title=\" \"  >\r\n\t\t\t\t\t\t\t\t<img loading=\"lazy\" decoding=\"async\" title=\" \" alt=\" \" src=\"http:\/\/judospartapraha.dev-null.cz\/wp-content\/gallery\/tabor-2017\/thumbs\/thumbs_wm_p7030060.jpg\" width=\"100\" height=\"75\" \/>\r\n\t\t\t\t\t\t\t<\/a>\r\n\t\t<\/div>\r\n\t<\/div>\r\n\t\r\n\t\t\r\n \t\t\r\n\t<div id=\"ngg-image-2881\" class=\"ngg-gallery-thumbnail-box\"  >\r\n\t\t<div class=\"ngg-gallery-thumbnail\" >\r\n\t\t\t<a href=\"http:\/\/judospartapraha.dev-null.cz\/?page_id=564&amp;pid=2881\" title=\" \"  >\r\n\t\t\t\t\t\t\t\t<img loading=\"lazy\" decoding=\"async\" title=\" \" alt=\" \" src=\"http:\/\/judospartapraha.dev-null.cz\/wp-content\/gallery\/tabor-2017\/thumbs\/thumbs_wm_p7030061.jpg\" width=\"100\" height=\"75\" \/>\r\n\t\t\t\t\t\t\t<\/a>\r\n\t\t<\/div>\r\n\t<\/div>\r\n\t\r\n\t\t\r\n \t\t\r\n\t<div id=\"ngg-image-2882\" class=\"ngg-gallery-thumbnail-box\"  >\r\n\t\t<div class=\"ngg-gallery-thumbnail\" >\r\n\t\t\t<a href=\"http:\/\/judospartapraha.dev-null.cz\/?page_id=564&amp;pid=2882\" title=\" \"  >\r\n\t\t\t\t\t\t\t\t<img loading=\"lazy\" decoding=\"async\" title=\" \" alt=\" \" src=\"http:\/\/judospartapraha.dev-null.cz\/wp-content\/gallery\/tabor-2017\/thumbs\/thumbs_wm_p7030064.jpg\" width=\"100\" height=\"75\" \/>\r\n\t\t\t\t\t\t\t<\/a>\r\n\t\t<\/div>\r\n\t<\/div>\r\n\t\r\n\t\t\r\n \t\t\r\n\t<div id=\"ngg-image-2883\" class=\"ngg-gallery-thumbnail-box\"  >\r\n\t\t<div class=\"ngg-gallery-thumbnail\" >\r\n\t\t\t<a href=\"http:\/\/judospartapraha.dev-null.cz\/?page_id=564&amp;pid=2883\" title=\" \"  >\r\n\t\t\t\t\t\t\t\t<img loading=\"lazy\" decoding=\"async\" title=\" \" alt=\" \" src=\"http:\/\/judospartapraha.dev-null.cz\/wp-content\/gallery\/tabor-2017\/thumbs\/thumbs_wm_p7030068.jpg\" width=\"100\" height=\"75\" \/>\r\n\t\t\t\t\t\t\t<\/a>\r\n\t\t<\/div>\r\n\t<\/div>\r\n\t\r\n\t\t\r\n \t\t\r\n\t<div id=\"ngg-image-2884\" class=\"ngg-gallery-thumbnail-box\"  >\r\n\t\t<div class=\"ngg-gallery-thumbnail\" >\r\n\t\t\t<a href=\"http:\/\/judospartapraha.dev-null.cz\/?page_id=564&amp;pid=2884\" title=\" \"  >\r\n\t\t\t\t\t\t\t\t<img loading=\"lazy\" decoding=\"async\" title=\" \" alt=\" \" src=\"http:\/\/judospartapraha.dev-null.cz\/wp-content\/gallery\/tabor-2017\/thumbs\/thumbs_wm_p7030072.jpg\" width=\"100\" height=\"75\" \/>\r\n\t\t\t\t\t\t\t<\/a>\r\n\t\t<\/div>\r\n\t<\/div>\r\n\t\r\n\t\t\r\n \t\t\r\n\t<div id=\"ngg-image-2885\" class=\"ngg-gallery-thumbnail-box\"  >\r\n\t\t<div class=\"ngg-gallery-thumbnail\" >\r\n\t\t\t<a href=\"http:\/\/judospartapraha.dev-null.cz\/?page_id=564&amp;pid=2885\" title=\" \"  >\r\n\t\t\t\t\t\t\t\t<img loading=\"lazy\" decoding=\"async\" title=\" \" alt=\" \" src=\"http:\/\/judospartapraha.dev-null.cz\/wp-content\/gallery\/tabor-2017\/thumbs\/thumbs_wm_p7040107.jpg\" width=\"100\" height=\"75\" \/>\r\n\t\t\t\t\t\t\t<\/a>\r\n\t\t<\/div>\r\n\t<\/div>\r\n\t\r\n\t\t\r\n \t\t\r\n\t<div id=\"ngg-image-2886\" class=\"ngg-gallery-thumbnail-box\"  >\r\n\t\t<div class=\"ngg-gallery-thumbnail\" >\r\n\t\t\t<a href=\"http:\/\/judospartapraha.dev-null.cz\/?page_id=564&amp;pid=2886\" title=\" \"  >\r\n\t\t\t\t\t\t\t\t<img loading=\"lazy\" decoding=\"async\" title=\" \" alt=\" \" src=\"http:\/\/judospartapraha.dev-null.cz\/wp-content\/gallery\/tabor-2017\/thumbs\/thumbs_wm_p7040117.jpg\" width=\"100\" height=\"75\" \/>\r\n\t\t\t\t\t\t\t<\/a>\r\n\t\t<\/div>\r\n\t<\/div>\r\n\t\r\n\t\t\r\n \t\t\r\n\t<div id=\"ngg-image-2887\" class=\"ngg-gallery-thumbnail-box\"  >\r\n\t\t<div class=\"ngg-gallery-thumbnail\" >\r\n\t\t\t<a href=\"http:\/\/judospartapraha.dev-null.cz\/?page_id=564&amp;pid=2887\" title=\" \"  >\r\n\t\t\t\t\t\t\t\t<img loading=\"lazy\" decoding=\"async\" title=\" \" alt=\" \" src=\"http:\/\/judospartapraha.dev-null.cz\/wp-content\/gallery\/tabor-2017\/thumbs\/thumbs_wm_p7040134.jpg\" width=\"100\" height=\"75\" \/>\r\n\t\t\t\t\t\t\t<\/a>\r\n\t\t<\/div>\r\n\t<\/div>\r\n\t\r\n\t\t\r\n \t\t\r\n\t<div id=\"ngg-image-2888\" class=\"ngg-gallery-thumbnail-box\"  >\r\n\t\t<div class=\"ngg-gallery-thumbnail\" >\r\n\t\t\t<a href=\"http:\/\/judospartapraha.dev-null.cz\/?page_id=564&amp;pid=2888\" title=\" \"  >\r\n\t\t\t\t\t\t\t\t<img loading=\"lazy\" decoding=\"async\" title=\" \" alt=\" \" src=\"http:\/\/judospartapraha.dev-null.cz\/wp-content\/gallery\/tabor-2017\/thumbs\/thumbs_wm_p7040154.jpg\" width=\"100\" height=\"75\" \/>\r\n\t\t\t\t\t\t\t<\/a>\r\n\t\t<\/div>\r\n\t<\/div>\r\n\t\r\n\t\t\r\n \t\t\r\n\t<div id=\"ngg-image-2889\" class=\"ngg-gallery-thumbnail-box\"  >\r\n\t\t<div class=\"ngg-gallery-thumbnail\" >\r\n\t\t\t<a href=\"http:\/\/judospartapraha.dev-null.cz\/?page_id=564&amp;pid=2889\" title=\" \"  >\r\n\t\t\t\t\t\t\t\t<img loading=\"lazy\" decoding=\"async\" title=\" \" alt=\" \" src=\"http:\/\/judospartapraha.dev-null.cz\/wp-content\/gallery\/tabor-2017\/thumbs\/thumbs_wm_p7040157.jpg\" width=\"100\" height=\"75\" \/>\r\n\t\t\t\t\t\t\t<\/a>\r\n\t\t<\/div>\r\n\t<\/div>\r\n\t\r\n\t\t\r\n \t\t\r\n\t<div id=\"ngg-image-2890\" class=\"ngg-gallery-thumbnail-box\"  >\r\n\t\t<div class=\"ngg-gallery-thumbnail\" >\r\n\t\t\t<a href=\"http:\/\/judospartapraha.dev-null.cz\/?page_id=564&amp;pid=2890\" title=\" \"  >\r\n\t\t\t\t\t\t\t\t<img loading=\"lazy\" decoding=\"async\" title=\" \" alt=\" \" src=\"http:\/\/judospartapraha.dev-null.cz\/wp-content\/gallery\/tabor-2017\/thumbs\/thumbs_wm_p7050169.jpg\" width=\"100\" height=\"75\" \/>\r\n\t\t\t\t\t\t\t<\/a>\r\n\t\t<\/div>\r\n\t<\/div>\r\n\t\r\n\t\t\r\n \t \t\r\n\t<!-- Pagination -->\r\n \t<div class='ngg-navigation'><span class=\"current\">1<\/span><a class=\"page-numbers\" href=\"http:\/\/judospartapraha.dev-null.cz\/?page_id=564&amp;nggpage=2\">2<\/a><a class=\"page-numbers\" href=\"http:\/\/judospartapraha.dev-null.cz\/?page_id=564&amp;nggpage=3\">3<\/a><a class=\"page-numbers\" href=\"http:\/\/judospartapraha.dev-null.cz\/?page_id=564&amp;nggpage=4\">4<\/a><a class=\"next\" id=\"ngg-next-2\" href=\"http:\/\/judospartapraha.dev-null.cz\/?page_id=564&amp;nggpage=2\">&#9658;<\/a><\/div> \t\r\n<\/div>\r\n\r\n\n","protected":false},"excerpt":{"rendered":"","protected":false},"author":1,"featured_media":0,"parent":123,"menu_order":0,"comment_status":"closed","ping_status":"closed","template":"","meta":{"footnotes":""},"_links":{"self":[{"href":"http:\/\/judospartapraha.dev-null.cz\/index.php?rest_route=\/wp\/v2\/pages\/564"}],"collection":[{"href":"http:\/\/judospartapraha.dev-null.cz\/index.php?rest_route=\/wp\/v2\/pages"}],"about":[{"href":"http:\/\/judospartapraha.dev-null.cz\/index.php?rest_route=\/wp\/v2\/types\/page"}],"author":[{"embeddable":true,"href":"http:\/\/judospartapraha.dev-null.cz\/index.php?rest_route=\/wp\/v2\/users\/1"}],"replies":[{"embeddable":true,"href":"http:\/\/judospartapraha.dev-null.cz\/index.php?rest_route=%2Fwp%2Fv2%2Fcomments&post=564"}],"version-history":[{"count":1,"href":"http:\/\/judospartapraha.dev-null.cz\/index.php?rest_route=\/wp\/v2\/pages\/564\/revisions"}],"predecessor-version":[{"id":565,"href":"http:\/\/judospartapraha.dev-null.cz\/index.php?rest_route=\/wp\/v2\/pages\/564\/revisions\/565"}],"up":[{"embeddable":true,"href":"http:\/\/judospartapraha.dev-null.cz\/index.php?rest_route=\/wp\/v2\/pages\/123"}],"wp:attachment":[{"href":"http:\/\/judospartapraha.dev-null.cz\/index.php?rest_route=%2Fwp%2Fv2%2Fmedia&parent=564"}],"curies":[{"name":"wp","href":"https:\/\/api.w.org\/{rel}","templated":true}]}}