{"id":58,"date":"2015-03-02T13:46:00","date_gmt":"2015-03-02T12:46:00","guid":{"rendered":"http:\/\/judospartapraha.dev-null.cz\/?page_id=58"},"modified":"2023-02-10T14:01:25","modified_gmt":"2023-02-10T13:01:25","slug":"activities","status":"publish","type":"page","link":"http:\/\/judospartapraha.dev-null.cz\/?page_id=58","title":{"rendered":"Pravideln\u00e9 aktivity"},"content":{"rendered":"<h2 align=\"\\\">Treninky<\/h2>\n<p align=\"\\\">Tr\u00e9ninky prob\u00edhaj\u00ed dvakr\u00e1t t\u00fddn\u011b &#8211; pond\u011bl\u00ed a st\u0159eda &#8211; v s\u00e1le judo v Z\u0160 Klausova na Velk\u00e9 Ohrad\u011b, Praha 5.<br \/>\nTr\u00e9ninky prob\u00edhaj\u00ed v n\u011bkolika bloc\u00edch, rozd\u011blen\u00fdch podle v\u011bku a pokro\u010dilosti d\u011bt\u00ed. Prvn\u00ed blok za\u010d\u00edn\u00e1 v 15:30 h.<\/p>\n<table style=\"padding-bottom: 10px; border: none;\" align=\"\\\">\n<tbody>\n<tr style=\"border: none;\">\n<td style=\"border: none;\">\r\n<a href=\"http:\/\/judospartapraha.dev-null.cz\/wp-content\/gallery\/trening2014\/p1140117.jpg\" title=\"\" class=\"shutterset_singlepic1250\" >\r\n\t<img decoding=\"async\" class=\"ngg-singlepic ngg-left\" src=\"http:\/\/judospartapraha.dev-null.cz\/wp-content\/gallery\/cache\/1250__150x_p1140117.jpg\" alt=\"\" title=\"\" \/>\r\n<\/a>\r\n \r\n<a href=\"http:\/\/judospartapraha.dev-null.cz\/wp-content\/gallery\/trening2014\/p1140130.jpg\" title=\"\" class=\"shutterset_singlepic1262\" >\r\n\t<img decoding=\"async\" class=\"ngg-singlepic ngg-left\" src=\"http:\/\/judospartapraha.dev-null.cz\/wp-content\/gallery\/cache\/1262__150x_p1140130.jpg\" alt=\"\" title=\"\" \/>\r\n<\/a>\r\n \r\n<a href=\"http:\/\/judospartapraha.dev-null.cz\/wp-content\/gallery\/trening2014\/p1130502.jpg\" title=\"\" class=\"shutterset_singlepic2496\" >\r\n\t<img decoding=\"async\" class=\"ngg-singlepic ngg-left\" src=\"http:\/\/judospartapraha.dev-null.cz\/wp-content\/gallery\/cache\/2496__150x_p1130502.jpg\" alt=\"p1130502\" title=\"p1130502\" \/>\r\n<\/a>\r\n<br \/>\n\r\n<a href=\"http:\/\/judospartapraha.dev-null.cz\/wp-content\/gallery\/trening2015\/p3110545.jpg\" title=\"\" class=\"shutterset_singlepic2473\" >\r\n\t<img decoding=\"async\" class=\"ngg-singlepic ngg-left\" src=\"http:\/\/judospartapraha.dev-null.cz\/wp-content\/gallery\/cache\/2473__150x_p3110545.jpg\" alt=\"\" title=\"\" \/>\r\n<\/a>\r\n \r\n<a href=\"http:\/\/judospartapraha.dev-null.cz\/wp-content\/gallery\/treninky-2016\/p1251118.jpg\" title=\"\" class=\"shutterset_singlepic2596\" >\r\n\t<img decoding=\"async\" class=\"ngg-singlepic ngg-left\" src=\"http:\/\/judospartapraha.dev-null.cz\/wp-content\/gallery\/cache\/2596__150x_p1251118.jpg\" alt=\"\" title=\"\" \/>\r\n<\/a>\r\n \r\n<a href=\"http:\/\/judospartapraha.dev-null.cz\/wp-content\/gallery\/treninky-2016\/p1251142.jpg\" title=\"\" class=\"shutterset_singlepic2600\" >\r\n\t<img decoding=\"async\" class=\"ngg-singlepic ngg-left\" src=\"http:\/\/judospartapraha.dev-null.cz\/wp-content\/gallery\/cache\/2600__150x_p1251142.jpg\" alt=\"\" title=\"\" \/>\r\n<\/a>\r\n<\/td>\n<\/tr>\n<\/tbody>\n<\/table>\n<h2>Letn\u00ed v\u00fdcvikov\u00e9 t\u00e1bory<\/h2>\n<p>V\u00edce ne\u017e t\u0159icet let po\u0159\u00e1daj\u00ed tren\u00e9\u0159i odd\u00edlu pod n\u00e1zvem <em><strong>&#8220;T\u00e1bor mal\u00fdch samuraj\u016f&#8221;<\/strong><\/em>&nbsp; letn\u00ed v\u00fdcvikov\u00e9 t\u00e1bory v Ji\u017en\u00edch \u010cech\u00e1ch. Za dobu sv\u00e9 existence m\u016f\u017eeme pochlubit n\u00e1v\u0161t\u011bvami mnoha zahrani\u010dn\u00edch judistick\u00fdch klub\u016f &#8211; nap\u0159. z Francie, Velk\u00e9 Brit\u00e1nie.<\/p>\n<p>\r\n<a href=\"http:\/\/judospartapraha.dev-null.cz\/wp-content\/gallery\/tabor-2015\/martinek2015_41.jpg\" title=\"\" class=\"shutterset_singlepic2532\" >\r\n\t<img decoding=\"async\" class=\"ngg-singlepic ngg-left\" src=\"http:\/\/judospartapraha.dev-null.cz\/wp-content\/gallery\/cache\/2532__150x_martinek2015_41.jpg\" alt=\"\" title=\"\" \/>\r\n<\/a>\r\n \r\n<a href=\"http:\/\/judospartapraha.dev-null.cz\/wp-content\/gallery\/tabor-2015\/martinek2015_36.jpg\" title=\"\" class=\"shutterset_singlepic2526\" >\r\n\t<img decoding=\"async\" class=\"ngg-singlepic ngg-left\" src=\"http:\/\/judospartapraha.dev-null.cz\/wp-content\/gallery\/cache\/2526__150x_martinek2015_36.jpg\" alt=\"\" title=\"\" \/>\r\n<\/a>\r\n \r\n<a href=\"http:\/\/judospartapraha.dev-null.cz\/wp-content\/gallery\/tabor-2015\/martinek2015_25.jpg\" title=\"\" class=\"shutterset_singlepic2514\" >\r\n\t<img decoding=\"async\" class=\"ngg-singlepic ngg-left\" src=\"http:\/\/judospartapraha.dev-null.cz\/wp-content\/gallery\/cache\/2514__150x_martinek2015_25.jpg\" alt=\"\" title=\"\" \/>\r\n<\/a>\r\n<br \/>\n\r\n<a href=\"http:\/\/judospartapraha.dev-null.cz\/wp-content\/gallery\/tabor-2015\/martinek2015_56.jpg\" title=\"\" class=\"shutterset_singlepic2548\" >\r\n\t<img decoding=\"async\" class=\"ngg-singlepic ngg-left\" src=\"http:\/\/judospartapraha.dev-null.cz\/wp-content\/gallery\/cache\/2548__150x_martinek2015_56.jpg\" alt=\"\" title=\"\" \/>\r\n<\/a>\r\n \r\n<a href=\"http:\/\/judospartapraha.dev-null.cz\/wp-content\/gallery\/tabor-2015\/martinek2015_46.jpg\" title=\"\" class=\"shutterset_singlepic2537\" >\r\n\t<img decoding=\"async\" class=\"ngg-singlepic ngg-left\" src=\"http:\/\/judospartapraha.dev-null.cz\/wp-content\/gallery\/cache\/2537__150x_martinek2015_46.jpg\" alt=\"\" title=\"\" \/>\r\n<\/a>\r\n \r\n<a href=\"http:\/\/judospartapraha.dev-null.cz\/wp-content\/gallery\/tabor-2015\/martinek2015_59.jpg\" title=\"\" class=\"shutterset_singlepic2551\" >\r\n\t<img decoding=\"async\" class=\"ngg-singlepic ngg-left\" src=\"http:\/\/judospartapraha.dev-null.cz\/wp-content\/gallery\/cache\/2551__150x_martinek2015_59.jpg\" alt=\"\" title=\"\" \/>\r\n<\/a>\r\n<\/p>\n","protected":false},"excerpt":{"rendered":"<p>Treninky Tr\u00e9ninky prob\u00edhaj\u00ed dvakr\u00e1t t\u00fddn\u011b &#8211; pond\u011bl\u00ed a st\u0159eda &#8211; v s\u00e1le judo v Z\u0160 Klausova na Velk\u00e9 Ohrad\u011b, Praha 5. Tr\u00e9ninky prob\u00edhaj\u00ed v n\u011bkolika bloc\u00edch, rozd\u011blen\u00fdch podle v\u011bku a pokro\u010dilosti d\u011bt\u00ed. Prvn\u00ed blok za\u010d\u00edn\u00e1 v 15:30 h. Letn\u00ed v\u00fdcvikov\u00e9 <a class=\"more-link\" href=\"http:\/\/judospartapraha.dev-null.cz\/?page_id=58\">Continue reading <span class=\"screen-reader-text\">  Pravideln\u00e9 aktivity<\/span><span class=\"meta-nav\">&rarr;<\/span><\/a><\/p>\n","protected":false},"author":1,"featured_media":0,"parent":366,"menu_order":0,"comment_status":"closed","ping_status":"closed","template":"","meta":{"footnotes":""},"_links":{"self":[{"href":"http:\/\/judospartapraha.dev-null.cz\/index.php?rest_route=\/wp\/v2\/pages\/58"}],"collection":[{"href":"http:\/\/judospartapraha.dev-null.cz\/index.php?rest_route=\/wp\/v2\/pages"}],"about":[{"href":"http:\/\/judospartapraha.dev-null.cz\/index.php?rest_route=\/wp\/v2\/types\/page"}],"author":[{"embeddable":true,"href":"http:\/\/judospartapraha.dev-null.cz\/index.php?rest_route=\/wp\/v2\/users\/1"}],"replies":[{"embeddable":true,"href":"http:\/\/judospartapraha.dev-null.cz\/index.php?rest_route=%2Fwp%2Fv2%2Fcomments&post=58"}],"version-history":[{"count":44,"href":"http:\/\/judospartapraha.dev-null.cz\/index.php?rest_route=\/wp\/v2\/pages\/58\/revisions"}],"predecessor-version":[{"id":962,"href":"http:\/\/judospartapraha.dev-null.cz\/index.php?rest_route=\/wp\/v2\/pages\/58\/revisions\/962"}],"up":[{"embeddable":true,"href":"http:\/\/judospartapraha.dev-null.cz\/index.php?rest_route=\/wp\/v2\/pages\/366"}],"wp:attachment":[{"href":"http:\/\/judospartapraha.dev-null.cz\/index.php?rest_route=%2Fwp%2Fv2%2Fmedia&parent=58"}],"curies":[{"name":"wp","href":"https:\/\/api.w.org\/{rel}","templated":true}]}}