{"id":605,"date":"2018-11-16T10:10:33","date_gmt":"2018-11-16T09:10:33","guid":{"rendered":"http:\/\/judospartapraha.dev-null.cz\/?page_id=605"},"modified":"2018-11-16T10:13:03","modified_gmt":"2018-11-16T09:13:03","slug":"tabor-malych-samuraju-2018","status":"publish","type":"page","link":"http:\/\/judospartapraha.dev-null.cz\/?page_id=605","title":{"rendered":"T\u00e1bor mal\u00fdch samuraj\u016f &#8211; 2018"},"content":{"rendered":"<p>\r\n<div class=\"ngg-galleryoverview\" id=\"ngg-gallery-29-605\">\r\n\r\n\t<!-- Slideshow link -->\r\n\t<div class=\"slideshowlink\">\r\n\t\t<a class=\"slideshowlink\" href=\"http:\/\/judospartapraha.dev-null.cz\/?page_id=605&amp;show=slide\">\r\n\t\t\t[Slideshow]\t\t<\/a>\r\n\t<\/div>\r\n\r\n\t\r\n\t<!-- Thumbnails -->\r\n\t\t\r\n\t<div id=\"ngg-image-3152\" class=\"ngg-gallery-thumbnail-box\"  >\r\n\t\t<div class=\"ngg-gallery-thumbnail\" >\r\n\t\t\t<a href=\"http:\/\/judospartapraha.dev-null.cz\/?page_id=605&amp;pid=3152\" title=\" \"  >\r\n\t\t\t\t\t\t\t\t<img loading=\"lazy\" decoding=\"async\" title=\"OLYMPUS DIGITAL CAMERA\" alt=\"OLYMPUS DIGITAL CAMERA\" src=\"http:\/\/judospartapraha.dev-null.cz\/wp-content\/gallery\/tabor-2018\/thumbs\/thumbs_wm_small_p7130900.jpg\" width=\"100\" height=\"75\" \/>\r\n\t\t\t\t\t\t\t<\/a>\r\n\t\t<\/div>\r\n\t<\/div>\r\n\t\r\n\t\t\r\n \t\t\r\n\t<div id=\"ngg-image-3151\" class=\"ngg-gallery-thumbnail-box\"  >\r\n\t\t<div class=\"ngg-gallery-thumbnail\" >\r\n\t\t\t<a href=\"http:\/\/judospartapraha.dev-null.cz\/?page_id=605&amp;pid=3151\" title=\" \"  >\r\n\t\t\t\t\t\t\t\t<img loading=\"lazy\" decoding=\"async\" title=\"OLYMPUS DIGITAL CAMERA\" alt=\"OLYMPUS DIGITAL CAMERA\" src=\"http:\/\/judospartapraha.dev-null.cz\/wp-content\/gallery\/tabor-2018\/thumbs\/thumbs_wm_small_p7130896.jpg\" width=\"100\" height=\"75\" \/>\r\n\t\t\t\t\t\t\t<\/a>\r\n\t\t<\/div>\r\n\t<\/div>\r\n\t\r\n\t\t\r\n \t\t\r\n\t<div id=\"ngg-image-3148\" class=\"ngg-gallery-thumbnail-box\"  >\r\n\t\t<div class=\"ngg-gallery-thumbnail\" >\r\n\t\t\t<a href=\"http:\/\/judospartapraha.dev-null.cz\/?page_id=605&amp;pid=3148\" title=\" \"  >\r\n\t\t\t\t\t\t\t\t<img loading=\"lazy\" decoding=\"async\" title=\"OLYMPUS DIGITAL CAMERA\" alt=\"OLYMPUS DIGITAL CAMERA\" src=\"http:\/\/judospartapraha.dev-null.cz\/wp-content\/gallery\/tabor-2018\/thumbs\/thumbs_wm_small_p7130888.jpg\" width=\"100\" height=\"75\" \/>\r\n\t\t\t\t\t\t\t<\/a>\r\n\t\t<\/div>\r\n\t<\/div>\r\n\t\r\n\t\t\r\n \t\t\r\n\t<div id=\"ngg-image-3149\" class=\"ngg-gallery-thumbnail-box\"  >\r\n\t\t<div class=\"ngg-gallery-thumbnail\" >\r\n\t\t\t<a href=\"http:\/\/judospartapraha.dev-null.cz\/?page_id=605&amp;pid=3149\" title=\" \"  >\r\n\t\t\t\t\t\t\t\t<img loading=\"lazy\" decoding=\"async\" title=\"OLYMPUS DIGITAL CAMERA\" alt=\"OLYMPUS DIGITAL CAMERA\" src=\"http:\/\/judospartapraha.dev-null.cz\/wp-content\/gallery\/tabor-2018\/thumbs\/thumbs_wm_small_p7130889.jpg\" width=\"100\" height=\"75\" \/>\r\n\t\t\t\t\t\t\t<\/a>\r\n\t\t<\/div>\r\n\t<\/div>\r\n\t\r\n\t\t\r\n \t\t\r\n\t<div id=\"ngg-image-3150\" class=\"ngg-gallery-thumbnail-box\"  >\r\n\t\t<div class=\"ngg-gallery-thumbnail\" >\r\n\t\t\t<a href=\"http:\/\/judospartapraha.dev-null.cz\/?page_id=605&amp;pid=3150\" title=\" \"  >\r\n\t\t\t\t\t\t\t\t<img loading=\"lazy\" decoding=\"async\" title=\"OLYMPUS DIGITAL CAMERA\" alt=\"OLYMPUS DIGITAL CAMERA\" src=\"http:\/\/judospartapraha.dev-null.cz\/wp-content\/gallery\/tabor-2018\/thumbs\/thumbs_wm_small_p7130892.jpg\" width=\"100\" height=\"75\" \/>\r\n\t\t\t\t\t\t\t<\/a>\r\n\t\t<\/div>\r\n\t<\/div>\r\n\t\r\n\t\t\r\n \t\t\r\n\t<div id=\"ngg-image-3147\" class=\"ngg-gallery-thumbnail-box\"  >\r\n\t\t<div class=\"ngg-gallery-thumbnail\" >\r\n\t\t\t<a href=\"http:\/\/judospartapraha.dev-null.cz\/?page_id=605&amp;pid=3147\" title=\" \"  >\r\n\t\t\t\t\t\t\t\t<img loading=\"lazy\" decoding=\"async\" title=\"OLYMPUS DIGITAL CAMERA\" alt=\"OLYMPUS DIGITAL CAMERA\" src=\"http:\/\/judospartapraha.dev-null.cz\/wp-content\/gallery\/tabor-2018\/thumbs\/thumbs_wm_small_p7130880.jpg\" width=\"100\" height=\"75\" \/>\r\n\t\t\t\t\t\t\t<\/a>\r\n\t\t<\/div>\r\n\t<\/div>\r\n\t\r\n\t\t\r\n \t\t\r\n\t<div id=\"ngg-image-3145\" class=\"ngg-gallery-thumbnail-box\"  >\r\n\t\t<div class=\"ngg-gallery-thumbnail\" >\r\n\t\t\t<a href=\"http:\/\/judospartapraha.dev-null.cz\/?page_id=605&amp;pid=3145\" title=\" \"  >\r\n\t\t\t\t\t\t\t\t<img loading=\"lazy\" decoding=\"async\" title=\"OLYMPUS DIGITAL CAMERA\" alt=\"OLYMPUS DIGITAL CAMERA\" src=\"http:\/\/judospartapraha.dev-null.cz\/wp-content\/gallery\/tabor-2018\/thumbs\/thumbs_wm_small_p7130878.jpg\" width=\"100\" height=\"75\" \/>\r\n\t\t\t\t\t\t\t<\/a>\r\n\t\t<\/div>\r\n\t<\/div>\r\n\t\r\n\t\t\r\n \t\t\r\n\t<div id=\"ngg-image-3146\" class=\"ngg-gallery-thumbnail-box\"  >\r\n\t\t<div class=\"ngg-gallery-thumbnail\" >\r\n\t\t\t<a href=\"http:\/\/judospartapraha.dev-null.cz\/?page_id=605&amp;pid=3146\" title=\" \"  >\r\n\t\t\t\t\t\t\t\t<img loading=\"lazy\" decoding=\"async\" title=\"OLYMPUS DIGITAL CAMERA\" alt=\"OLYMPUS DIGITAL CAMERA\" src=\"http:\/\/judospartapraha.dev-null.cz\/wp-content\/gallery\/tabor-2018\/thumbs\/thumbs_wm_small_p7130879.jpg\" width=\"100\" height=\"75\" \/>\r\n\t\t\t\t\t\t\t<\/a>\r\n\t\t<\/div>\r\n\t<\/div>\r\n\t\r\n\t\t\r\n \t\t\r\n\t<div id=\"ngg-image-3144\" class=\"ngg-gallery-thumbnail-box\"  >\r\n\t\t<div class=\"ngg-gallery-thumbnail\" >\r\n\t\t\t<a href=\"http:\/\/judospartapraha.dev-null.cz\/?page_id=605&amp;pid=3144\" title=\" \"  >\r\n\t\t\t\t\t\t\t\t<img loading=\"lazy\" decoding=\"async\" title=\"OLYMPUS DIGITAL CAMERA\" alt=\"OLYMPUS DIGITAL CAMERA\" src=\"http:\/\/judospartapraha.dev-null.cz\/wp-content\/gallery\/tabor-2018\/thumbs\/thumbs_wm_small_p7130876.jpg\" width=\"100\" height=\"75\" \/>\r\n\t\t\t\t\t\t\t<\/a>\r\n\t\t<\/div>\r\n\t<\/div>\r\n\t\r\n\t\t\r\n \t\t\r\n\t<div id=\"ngg-image-3143\" class=\"ngg-gallery-thumbnail-box\"  >\r\n\t\t<div class=\"ngg-gallery-thumbnail\" >\r\n\t\t\t<a href=\"http:\/\/judospartapraha.dev-null.cz\/?page_id=605&amp;pid=3143\" title=\" \"  >\r\n\t\t\t\t\t\t\t\t<img loading=\"lazy\" decoding=\"async\" title=\"OLYMPUS DIGITAL CAMERA\" alt=\"OLYMPUS DIGITAL CAMERA\" src=\"http:\/\/judospartapraha.dev-null.cz\/wp-content\/gallery\/tabor-2018\/thumbs\/thumbs_wm_small_p7130875.jpg\" width=\"100\" height=\"75\" \/>\r\n\t\t\t\t\t\t\t<\/a>\r\n\t\t<\/div>\r\n\t<\/div>\r\n\t\r\n\t\t\r\n \t\t\r\n\t<div id=\"ngg-image-3061\" class=\"ngg-gallery-thumbnail-box\"  >\r\n\t\t<div class=\"ngg-gallery-thumbnail\" >\r\n\t\t\t<a href=\"http:\/\/judospartapraha.dev-null.cz\/?page_id=605&amp;pid=3061\" title=\" \"  >\r\n\t\t\t\t\t\t\t\t<img loading=\"lazy\" decoding=\"async\" title=\"OLYMPUS DIGITAL CAMERA\" alt=\"OLYMPUS DIGITAL CAMERA\" src=\"http:\/\/judospartapraha.dev-null.cz\/wp-content\/gallery\/tabor-2018\/thumbs\/thumbs_wm_small_p7070704.jpg\" width=\"100\" height=\"75\" \/>\r\n\t\t\t\t\t\t\t<\/a>\r\n\t\t<\/div>\r\n\t<\/div>\r\n\t\r\n\t\t\r\n \t\t\r\n\t<div id=\"ngg-image-3062\" class=\"ngg-gallery-thumbnail-box\"  >\r\n\t\t<div class=\"ngg-gallery-thumbnail\" >\r\n\t\t\t<a href=\"http:\/\/judospartapraha.dev-null.cz\/?page_id=605&amp;pid=3062\" title=\" \"  >\r\n\t\t\t\t\t\t\t\t<img loading=\"lazy\" decoding=\"async\" title=\"OLYMPUS DIGITAL CAMERA\" alt=\"OLYMPUS DIGITAL CAMERA\" src=\"http:\/\/judospartapraha.dev-null.cz\/wp-content\/gallery\/tabor-2018\/thumbs\/thumbs_wm_small_p7070705.jpg\" width=\"100\" height=\"75\" \/>\r\n\t\t\t\t\t\t\t<\/a>\r\n\t\t<\/div>\r\n\t<\/div>\r\n\t\r\n\t\t\r\n \t\t\r\n\t<div id=\"ngg-image-3063\" class=\"ngg-gallery-thumbnail-box\"  >\r\n\t\t<div class=\"ngg-gallery-thumbnail\" >\r\n\t\t\t<a href=\"http:\/\/judospartapraha.dev-null.cz\/?page_id=605&amp;pid=3063\" title=\" \"  >\r\n\t\t\t\t\t\t\t\t<img loading=\"lazy\" decoding=\"async\" title=\"OLYMPUS DIGITAL CAMERA\" alt=\"OLYMPUS DIGITAL CAMERA\" src=\"http:\/\/judospartapraha.dev-null.cz\/wp-content\/gallery\/tabor-2018\/thumbs\/thumbs_wm_small_p7070706.jpg\" width=\"100\" height=\"75\" \/>\r\n\t\t\t\t\t\t\t<\/a>\r\n\t\t<\/div>\r\n\t<\/div>\r\n\t\r\n\t\t\r\n \t\t\r\n\t<div id=\"ngg-image-3064\" class=\"ngg-gallery-thumbnail-box\"  >\r\n\t\t<div class=\"ngg-gallery-thumbnail\" >\r\n\t\t\t<a href=\"http:\/\/judospartapraha.dev-null.cz\/?page_id=605&amp;pid=3064\" title=\" \"  >\r\n\t\t\t\t\t\t\t\t<img loading=\"lazy\" decoding=\"async\" title=\"OLYMPUS DIGITAL CAMERA\" alt=\"OLYMPUS DIGITAL CAMERA\" src=\"http:\/\/judospartapraha.dev-null.cz\/wp-content\/gallery\/tabor-2018\/thumbs\/thumbs_wm_small_p7070707.jpg\" width=\"100\" height=\"75\" \/>\r\n\t\t\t\t\t\t\t<\/a>\r\n\t\t<\/div>\r\n\t<\/div>\r\n\t\r\n\t\t\r\n \t\t\r\n\t<div id=\"ngg-image-3065\" class=\"ngg-gallery-thumbnail-box\"  >\r\n\t\t<div class=\"ngg-gallery-thumbnail\" >\r\n\t\t\t<a href=\"http:\/\/judospartapraha.dev-null.cz\/?page_id=605&amp;pid=3065\" title=\" \"  >\r\n\t\t\t\t\t\t\t\t<img loading=\"lazy\" decoding=\"async\" title=\"OLYMPUS DIGITAL CAMERA\" alt=\"OLYMPUS DIGITAL CAMERA\" src=\"http:\/\/judospartapraha.dev-null.cz\/wp-content\/gallery\/tabor-2018\/thumbs\/thumbs_wm_small_p7070709.jpg\" width=\"100\" height=\"75\" \/>\r\n\t\t\t\t\t\t\t<\/a>\r\n\t\t<\/div>\r\n\t<\/div>\r\n\t\r\n\t\t\r\n \t\t\r\n\t<div id=\"ngg-image-3066\" class=\"ngg-gallery-thumbnail-box\"  >\r\n\t\t<div class=\"ngg-gallery-thumbnail\" >\r\n\t\t\t<a href=\"http:\/\/judospartapraha.dev-null.cz\/?page_id=605&amp;pid=3066\" title=\" \"  >\r\n\t\t\t\t\t\t\t\t<img loading=\"lazy\" decoding=\"async\" title=\"OLYMPUS DIGITAL CAMERA\" alt=\"OLYMPUS DIGITAL CAMERA\" src=\"http:\/\/judospartapraha.dev-null.cz\/wp-content\/gallery\/tabor-2018\/thumbs\/thumbs_wm_small_p7070710.jpg\" width=\"100\" height=\"75\" \/>\r\n\t\t\t\t\t\t\t<\/a>\r\n\t\t<\/div>\r\n\t<\/div>\r\n\t\r\n\t\t\r\n \t \t\r\n\t<!-- Pagination -->\r\n \t<div class='ngg-navigation'><span class=\"current\">1<\/span><a class=\"page-numbers\" href=\"http:\/\/judospartapraha.dev-null.cz\/?page_id=605&amp;nggpage=2\">2<\/a><a class=\"page-numbers\" href=\"http:\/\/judospartapraha.dev-null.cz\/?page_id=605&amp;nggpage=3\">3<\/a><a class=\"page-numbers\" href=\"http:\/\/judospartapraha.dev-null.cz\/?page_id=605&amp;nggpage=4\">4<\/a><span class=\"more\">...<\/span><a class=\"page-numbers\" href=\"http:\/\/judospartapraha.dev-null.cz\/?page_id=605&amp;nggpage=8\">8<\/a><a class=\"page-numbers\" href=\"http:\/\/judospartapraha.dev-null.cz\/?page_id=605&amp;nggpage=9\">9<\/a><a class=\"page-numbers\" href=\"http:\/\/judospartapraha.dev-null.cz\/?page_id=605&amp;nggpage=10\">10<\/a><a class=\"next\" id=\"ngg-next-2\" href=\"http:\/\/judospartapraha.dev-null.cz\/?page_id=605&amp;nggpage=2\">&#9658;<\/a><\/div> \t\r\n<\/div>\r\n\r\n<br \/>\n<a href=\"http:\/\/judospartapraha.dev-null.cz\/?page_id=123\">&lt;Zp\u011bt do galerie&gt;<\/a><\/p>\n","protected":false},"excerpt":{"rendered":"<p>&lt;Zp\u011bt do galerie&gt;<\/p>\n","protected":false},"author":1,"featured_media":0,"parent":123,"menu_order":0,"comment_status":"closed","ping_status":"closed","template":"","meta":{"footnotes":""},"_links":{"self":[{"href":"http:\/\/judospartapraha.dev-null.cz\/index.php?rest_route=\/wp\/v2\/pages\/605"}],"collection":[{"href":"http:\/\/judospartapraha.dev-null.cz\/index.php?rest_route=\/wp\/v2\/pages"}],"about":[{"href":"http:\/\/judospartapraha.dev-null.cz\/index.php?rest_route=\/wp\/v2\/types\/page"}],"author":[{"embeddable":true,"href":"http:\/\/judospartapraha.dev-null.cz\/index.php?rest_route=\/wp\/v2\/users\/1"}],"replies":[{"embeddable":true,"href":"http:\/\/judospartapraha.dev-null.cz\/index.php?rest_route=%2Fwp%2Fv2%2Fcomments&post=605"}],"version-history":[{"count":2,"href":"http:\/\/judospartapraha.dev-null.cz\/index.php?rest_route=\/wp\/v2\/pages\/605\/revisions"}],"predecessor-version":[{"id":607,"href":"http:\/\/judospartapraha.dev-null.cz\/index.php?rest_route=\/wp\/v2\/pages\/605\/revisions\/607"}],"up":[{"embeddable":true,"href":"http:\/\/judospartapraha.dev-null.cz\/index.php?rest_route=\/wp\/v2\/pages\/123"}],"wp:attachment":[{"href":"http:\/\/judospartapraha.dev-null.cz\/index.php?rest_route=%2Fwp%2Fv2%2Fmedia&parent=605"}],"curies":[{"name":"wp","href":"https:\/\/api.w.org\/{rel}","templated":true}]}}