{"id":7,"date":"2015-02-27T12:45:45","date_gmt":"2015-02-27T11:45:45","guid":{"rendered":"http:\/\/judospartapraha.dev-null.cz\/?page_id=7"},"modified":"2023-02-10T14:01:16","modified_gmt":"2023-02-10T13:01:16","slug":"uvod","status":"publish","type":"page","link":"http:\/\/judospartapraha.dev-null.cz\/?page_id=7","title":{"rendered":"O n\u00e1s"},"content":{"rendered":"<p>N\u00e1\u0161 judistick\u00fd odd\u00edl se orientuje zejm\u00e9na na pr\u00e1ci s ml\u00e1de\u017e\u00ed. Do t\u00e9to skupiny podle kriteri\u00ed Evropsk\u00e9 unie spadaj\u00ed v\u011bkov\u00e9 kategorie od p\u0159ed\u0161koln\u00edch d\u011bt\u00ed a\u017e po lidi kolem 30-ti let. Na\u0161\u00edm c\u00edlem je v\u0161ak v\u011bnovat se zejm\u00e9na nejmlad\u0161\u00edm a \u017e\u00e1kovsk\u00fdm kategori\u00edm. Odd\u00edl tak\u00e9 spolupracuje s d\u011btsk\u00fdmi l\u00e9ka\u0159i a ji\u017e n\u011bkolik let se mu spole\u010dn\u011b s nimi da\u0159\u00ed odstra\u0148ovat d\u011btskou agresivitu nebo pop\u0159\u00edpad\u011b i p\u0159\u00edli\u0161nou b\u00e1zlivost. Na rozd\u00edl od n\u011bkter\u00fdch jin\u00fdch klub\u016f tren\u00e9\u0159i zast\u00e1vaj\u00ed n\u00e1zor, \u017ee tento sport nen\u00ed pouze dom\u00e9nou n\u011bkolika nadan\u00fdch jedinc\u016f, kter\u00fdm je v\u011bnov\u00e1na speci\u00e1ln\u00ed p\u00e9\u010de, ale \u017ee judo je vhodn\u00e9 pro v\u0161echny, kte\u0159\u00ed o n\u011bj maj\u00ed z\u00e1jem.<\/p>\n<p>Dobrovoln\u00ed tren\u00e9\u0159i a funkcion\u00e1\u0159i odd\u00edlu a dal\u0161\u00ed a dal\u0161\u00ed z \u0159ad rodi\u010d\u016f se sna\u017e\u00ed i p\u0159es v\u0161echny pot\u00ed\u017ee zajistit nejen pravideln\u00e9 a kvalitn\u00ed tr\u00e9ninky, ale dopl\u0148uj\u00ed \u010dinnost v t\u011blocvi\u010dn\u011b i o dal\u0161\u00ed aktivity pro d\u011bti, v\u010detn\u011b pravideln\u00fdch v\u00fdcvikov\u00fdch t\u00e1bor\u016f. O uzn\u00e1n\u00ed vysok\u00e9 \u00farovn\u011b pr\u00e1ce odd\u00edlu sv\u011bd\u010d\u00ed i to, \u017ee na na\u0161e letn\u00ed v\u00fdcvikov\u00e9 t\u00e1bory pravideln\u011b p\u0159ij\u00ed\u017ed\u011bj\u00ed dru\u017estva ml\u00e1de\u017ee z <strong>Velk\u00e9 Brit\u00e1nie, Francie<\/strong> a z dal\u0161\u00edch zem\u00ed. Pravideln\u00fdm hostem a vysoce kvalitn\u00edm tren\u00e9rem na t\u011bchto letn\u00edch soust\u0159ed\u011bn\u00edch je b\u00fdval\u00fd p\u0159edseda Britsk\u00e9ho svazu juda a sou\u010dasn\u00fd expert<strong> Sv\u011btov\u00e9 unie judo<\/strong> pan <strong>Mick Leigh &#8211; 7. Dan<\/strong> a \u00fasp\u011b\u0161n\u00fd tren\u00e9r ml\u00e1de\u017ee z Francie pan <strong>Guy Anelli &#8211; 4. Dan.<\/strong><\/p>\n<p>St\u00e1l\u00ed tren\u00e9\u0159i :<\/p>\n<ul>\n<li><strong>ing. Karel V\u00edtek star\u0161\u00ed &#8211; 7. Dan,\u00a0 <\/strong>jedna z legend na\u0161eho juda<\/li>\n<li><strong> Karel V\u00edtek mlad\u0161\u00ed &#8211; 4. Dan<\/strong><\/li>\n<li><strong>Sandra V\u00edtkov\u00e1 &#8211; 1.Dan<\/strong><\/li>\n<li><strong>Karel V\u00edtek nejmlad\u0161\u00ed &#8211; 1.Dan<\/strong><\/li>\n<li><strong> Radek Sou\u010dek 1. Dan<\/strong><\/li>\n<li><strong> Petr Volf &#8211; 1. Dan<\/strong><\/li>\n<li><strong> Petr Kol\u00e1\u0159 &#8211; 1. Dan <\/strong><\/li>\n<\/ul>\n<p>\u00a0<\/p>\n<p>Hostuj\u00edc\u00ed tren\u00e9\u0159i:<\/p>\n<ul>\n<li><strong> Pavel Sineck\u00fd &#8211; 2. Dan<\/strong><\/li>\n<li><strong>Anton\u00edn Cicko &#8211; 4. Dan<\/strong><\/li>\n<\/ul>\n<p><strong>\u00a0<\/strong><\/p>\n\n\n<p><\/p>\n","protected":false},"excerpt":{"rendered":"<p>N\u00e1\u0161 judistick\u00fd odd\u00edl se orientuje zejm\u00e9na na pr\u00e1ci s ml\u00e1de\u017e\u00ed. Do t\u00e9to skupiny podle kriteri\u00ed Evropsk\u00e9 unie spadaj\u00ed v\u011bkov\u00e9 kategorie od p\u0159ed\u0161koln\u00edch d\u011bt\u00ed a\u017e po lidi kolem 30-ti let. Na\u0161\u00edm c\u00edlem je v\u0161ak v\u011bnovat se zejm\u00e9na nejmlad\u0161\u00edm a \u017e\u00e1kovsk\u00fdm kategori\u00edm. <a class=\"more-link\" href=\"http:\/\/judospartapraha.dev-null.cz\/?page_id=7\">Continue reading <span class=\"screen-reader-text\">  O n\u00e1s<\/span><span class=\"meta-nav\">&rarr;<\/span><\/a><\/p>\n","protected":false},"author":1,"featured_media":0,"parent":366,"menu_order":0,"comment_status":"closed","ping_status":"closed","template":"","meta":{"footnotes":""},"_links":{"self":[{"href":"http:\/\/judospartapraha.dev-null.cz\/index.php?rest_route=\/wp\/v2\/pages\/7"}],"collection":[{"href":"http:\/\/judospartapraha.dev-null.cz\/index.php?rest_route=\/wp\/v2\/pages"}],"about":[{"href":"http:\/\/judospartapraha.dev-null.cz\/index.php?rest_route=\/wp\/v2\/types\/page"}],"author":[{"embeddable":true,"href":"http:\/\/judospartapraha.dev-null.cz\/index.php?rest_route=\/wp\/v2\/users\/1"}],"replies":[{"embeddable":true,"href":"http:\/\/judospartapraha.dev-null.cz\/index.php?rest_route=%2Fwp%2Fv2%2Fcomments&post=7"}],"version-history":[{"count":27,"href":"http:\/\/judospartapraha.dev-null.cz\/index.php?rest_route=\/wp\/v2\/pages\/7\/revisions"}],"predecessor-version":[{"id":619,"href":"http:\/\/judospartapraha.dev-null.cz\/index.php?rest_route=\/wp\/v2\/pages\/7\/revisions\/619"}],"up":[{"embeddable":true,"href":"http:\/\/judospartapraha.dev-null.cz\/index.php?rest_route=\/wp\/v2\/pages\/366"}],"wp:attachment":[{"href":"http:\/\/judospartapraha.dev-null.cz\/index.php?rest_route=%2Fwp%2Fv2%2Fmedia&parent=7"}],"curies":[{"name":"wp","href":"https:\/\/api.w.org\/{rel}","templated":true}]}}