{"id":970,"date":"2023-02-10T13:39:53","date_gmt":"2023-02-10T12:39:53","guid":{"rendered":"http:\/\/judospartapraha.dev-null.cz\/?page_id=970"},"modified":"2023-02-26T10:24:16","modified_gmt":"2023-02-26T09:24:16","slug":"klub-mlada-vozice","status":"publish","type":"page","link":"http:\/\/judospartapraha.dev-null.cz\/?page_id=970","title":{"rendered":"Klub Mlad\u00e1 Vo\u017eice"},"content":{"rendered":"\n<p>Tr\u00e9ninky jsou ka\u017ed\u00fd <strong>P\u00c1TEK<\/strong> od 13h do 16h. P\u0159ij\u010fte se pod\u00edvat,&nbsp;budeme se na v\u00e1s t\u011b\u0161it.<\/p>\n\n\n\n<p><strong>&nbsp;Mapa:<\/strong> <a rel=\"noreferrer noopener\" href=\"https:\/\/en.mapy.cz\/s\/2k6RC\" target=\"_blank\">https:\/\/en.mapy.cz\/s\/2k6RC<\/a> <\/p>\n\n\n\n<p><a href=\"http:\/\/judospartapraha.dev-null.cz\/?page_id=983\">Aktuality a zaj\u00edmavosti<\/a><\/p>\n\n\n\n<p><\/p>\n","protected":false},"excerpt":{"rendered":"<p>Tr\u00e9ninky jsou ka\u017ed\u00fd P\u00c1TEK od 13h do 16h. P\u0159ij\u010fte se pod\u00edvat,&nbsp;budeme se na v\u00e1s t\u011b\u0161it. &nbsp;Mapa: https:\/\/en.mapy.cz\/s\/2k6RC Aktuality a zaj\u00edmavosti<\/p>\n","protected":false},"author":1,"featured_media":0,"parent":0,"menu_order":0,"comment_status":"closed","ping_status":"closed","template":"","meta":{"footnotes":""},"_links":{"self":[{"href":"http:\/\/judospartapraha.dev-null.cz\/index.php?rest_route=\/wp\/v2\/pages\/970"}],"collection":[{"href":"http:\/\/judospartapraha.dev-null.cz\/index.php?rest_route=\/wp\/v2\/pages"}],"about":[{"href":"http:\/\/judospartapraha.dev-null.cz\/index.php?rest_route=\/wp\/v2\/types\/page"}],"author":[{"embeddable":true,"href":"http:\/\/judospartapraha.dev-null.cz\/index.php?rest_route=\/wp\/v2\/users\/1"}],"replies":[{"embeddable":true,"href":"http:\/\/judospartapraha.dev-null.cz\/index.php?rest_route=%2Fwp%2Fv2%2Fcomments&post=970"}],"version-history":[{"count":9,"href":"http:\/\/judospartapraha.dev-null.cz\/index.php?rest_route=\/wp\/v2\/pages\/970\/revisions"}],"predecessor-version":[{"id":1000,"href":"http:\/\/judospartapraha.dev-null.cz\/index.php?rest_route=\/wp\/v2\/pages\/970\/revisions\/1000"}],"wp:attachment":[{"href":"http:\/\/judospartapraha.dev-null.cz\/index.php?rest_route=%2Fwp%2Fv2%2Fmedia&parent=970"}],"curies":[{"name":"wp","href":"https:\/\/api.w.org\/{rel}","templated":true}]}}