{"id":983,"date":"2023-02-10T13:47:38","date_gmt":"2023-02-10T12:47:38","guid":{"rendered":"http:\/\/judospartapraha.dev-null.cz\/?page_id=983"},"modified":"2023-02-10T13:59:21","modified_gmt":"2023-02-10T12:59:21","slug":"983-2","status":"publish","type":"page","link":"http:\/\/judospartapraha.dev-null.cz\/?page_id=983","title":{"rendered":"Aktuality"},"content":{"rendered":"\n<div class='pfpItem entry-content'><h2 class='entry-title'><a href='http:\/\/judospartapraha.dev-null.cz\/?p=926'>Ocen\u011bn\u00ed pro Karla V\u00edtka st. a ml. za mimo\u0159\u00e1dn\u00fd p\u0159\u00ednos pra\u017esk\u00e9mu judu<\/a><\/h2>\n<p>V \u0159\u00edjnu roku 2021 oslavili v\u00fdznamn\u00e9 \u017eivotn\u00ed jubileum 85 let Karel V\u00edtek star\u0161\u00ed. Stejn\u011b tak jeho syn Karel V\u00edtek mlad\u0161\u00ed \u2013 60 let.<\/p>\n\n\n\n<p>Pra\u017esk\u00fd svaz juda se rozhodl ob\u011bma Karl\u016fm V\u00edtk\u016fm ud\u011blit <a href=\"https:\/\/www.prazskysvazjudo.cz\/2021\/10\/oceneni-pro-karla-vitka-st-a-ml-za-mimoradny-prinos-prazskemu-judu\/\">\u010destn\u00e9 uzn\u00e1n\u00ed za Mimo\u0159\u00e1dn\u00fd p\u0159\u00ednos pra\u017esk\u00e9mu judu<\/a>. Je to jist\u011b ocen\u011bn\u00ed v\u00edce ne\u017e zaslou\u017een\u00e9 a my jim v\u0161ichni...<a href='http:\/\/judospartapraha.dev-null.cz\/?p=926' class='pfpReadMore'>V\u00edce \u00bb<\/a><div class='clear'><\/div><hr><\/div><div class='pfpItem entry-content'><h2 class='entry-title'><a href='http:\/\/judospartapraha.dev-null.cz\/?p=505'>Kombinace a kontratechniky<\/a><\/h2><p>St\u00e1hn\u011bte si <a href=\"http:\/\/judospartapraha.dev-null.cz\/wp-content\/uploads\/2016\/10\/Techniky_JUDO-cesky_preklad.pdf\">stru\u010dn\u00fd p\u0159ehled 100 \u00fato\u010dn\u00fdch a 77 obrann\u00fdch technik<\/a> v \u010desk\u00e9m p\u0159ekladu<\/p>\n<p>\u00a0\u00a0\u00a0 <\/p>\n...<a href='http:\/\/judospartapraha.dev-null.cz\/?p=505' class='pfpReadMore'>V\u00edce \u00bb<\/a><div class='clear'><\/div><hr><\/div>\n","protected":false},"excerpt":{"rendered":"","protected":false},"author":1,"featured_media":0,"parent":970,"menu_order":0,"comment_status":"closed","ping_status":"closed","template":"","meta":{"footnotes":""},"_links":{"self":[{"href":"http:\/\/judospartapraha.dev-null.cz\/index.php?rest_route=\/wp\/v2\/pages\/983"}],"collection":[{"href":"http:\/\/judospartapraha.dev-null.cz\/index.php?rest_route=\/wp\/v2\/pages"}],"about":[{"href":"http:\/\/judospartapraha.dev-null.cz\/index.php?rest_route=\/wp\/v2\/types\/page"}],"author":[{"embeddable":true,"href":"http:\/\/judospartapraha.dev-null.cz\/index.php?rest_route=\/wp\/v2\/users\/1"}],"replies":[{"embeddable":true,"href":"http:\/\/judospartapraha.dev-null.cz\/index.php?rest_route=%2Fwp%2Fv2%2Fcomments&post=983"}],"version-history":[{"count":2,"href":"http:\/\/judospartapraha.dev-null.cz\/index.php?rest_route=\/wp\/v2\/pages\/983\/revisions"}],"predecessor-version":[{"id":988,"href":"http:\/\/judospartapraha.dev-null.cz\/index.php?rest_route=\/wp\/v2\/pages\/983\/revisions\/988"}],"up":[{"embeddable":true,"href":"http:\/\/judospartapraha.dev-null.cz\/index.php?rest_route=\/wp\/v2\/pages\/970"}],"wp:attachment":[{"href":"http:\/\/judospartapraha.dev-null.cz\/index.php?rest_route=%2Fwp%2Fv2%2Fmedia&parent=983"}],"curies":[{"name":"wp","href":"https:\/\/api.w.org\/{rel}","templated":true}]}}